{"id":280994,"date":"2026-03-26T09:06:46","date_gmt":"2026-03-26T08:06:46","guid":{"rendered":"https:\/\/megacase.com\/?post_type=product&#038;p=280994"},"modified":"2026-03-26T13:52:33","modified_gmt":"2026-03-26T12:52:33","slug":"mallette-professionnelle-pour-dispositifs-medicaux-avec-2-entretoises","status":"publish","type":"product","link":"https:\/\/megacase.com\/fr\/produit\/mallette-professionnelle-pour-dispositifs-medicaux-avec-2-entretoises\/","title":{"rendered":"Mallette professionnelle pour dispositifs m\u00e9dicaux avec 2 entretoises"},"content":{"rendered":"<p>Mallette professionnelle pour dispositifs m\u00e9dicaux avec 2 entretoises et socle,<br \/>\ndimensions int\u00e9rieures : 850 x 620 x 850 mm (L x P x H).<\/p>\n<p>Contreplaqu\u00e9 ph\u00e9nolique marron de 9 mm<br \/>\nCh\u00e2ssis aluminium 30\/30 mm<br \/>\n20 grands coins en L<br \/>\n4 coins en L moyens<br \/>\n10 charni\u00e8res papillon moyennes<br \/>\n2 compas de fermeture \u00e0 clic moyens<br \/>\n4 charni\u00e8res \u00e0 6 trous<br \/>\n8 poign\u00e9es rabattables moyennes<br \/>\n2 porte-\u00e9tiquettes<br \/>\n8 grands coins \u00e0 boule<br \/>\n4 roulettes pivotantes de 100 mm, dont 2 avec frein<br \/>\nRembourrage en mousse<\/p>\n<p>** Remarque : Les appareils pr\u00e9sent\u00e9s sont \u00e0 titre indicatif uniquement et ne sont pas inclus dans l\u2019offre.<\/p>\n<p>Fabriqu\u00e9 en Allemagne<br \/>\nDimensions ext\u00e9rieures (L x P x H) : environ 915 x 688 x 977 mm<br \/>\nPoids : environ 64 k<\/p>\n","protected":false},"excerpt":{"rendered":"<p>Mallette professionnelle pour dispositifs m\u00e9dicaux avec 2 entretoises et socle, dimensions int\u00e9rieures : 850 x 620 x 850 mm (L<\/p>\n","protected":false},"featured_media":280927,"template":"","meta":{"_acf_changed":false},"product_brand":[],"product_cat":[13962,13693],"product_tag":[],"class_list":{"0":"post-280994","1":"product","2":"type-product","3":"status-publish","4":"has-post-thumbnail","6":"product_cat-custom-cases-fr","7":"product_cat-truhen-cases-fr","9":"first","10":"instock","11":"taxable","12":"shipping-taxable","13":"purchasable","14":"product-type-simple"},"acf":[],"_links":{"self":[{"href":"https:\/\/megacase.com\/fr\/wp-json\/wp\/v2\/product\/280994","targetHints":{"allow":["GET"]}}],"collection":[{"href":"https:\/\/megacase.com\/fr\/wp-json\/wp\/v2\/product"}],"about":[{"href":"https:\/\/megacase.com\/fr\/wp-json\/wp\/v2\/types\/product"}],"wp:featuredmedia":[{"embeddable":true,"href":"https:\/\/megacase.com\/fr\/wp-json\/wp\/v2\/media\/280927"}],"wp:attachment":[{"href":"https:\/\/megacase.com\/fr\/wp-json\/wp\/v2\/media?parent=280994"}],"wp:term":[{"taxonomy":"product_brand","embeddable":true,"href":"https:\/\/megacase.com\/fr\/wp-json\/wp\/v2\/product_brand?post=280994"},{"taxonomy":"product_cat","embeddable":true,"href":"https:\/\/megacase.com\/fr\/wp-json\/wp\/v2\/product_cat?post=280994"},{"taxonomy":"product_tag","embeddable":true,"href":"https:\/\/megacase.com\/fr\/wp-json\/wp\/v2\/product_tag?post=280994"}],"curies":[{"name":"wp","href":"https:\/\/api.w.org\/{rel}","templated":true}]}}