{"id":280842,"date":"2026-03-26T09:06:47","date_gmt":"2026-03-26T08:06:47","guid":{"rendered":"https:\/\/megacase.com\/?post_type=product&#038;p=280842"},"modified":"2026-03-26T13:52:32","modified_gmt":"2026-03-26T12:52:32","slug":"etui-clavier-special-61-pour-synthetiseur-hybride-behringer-wave","status":"publish","type":"product","link":"https:\/\/megacase.com\/fr\/produit\/etui-clavier-special-61-pour-synthetiseur-hybride-behringer-wave\/","title":{"rendered":"\u00c9tui clavier sp\u00e9cial 61 pour synth\u00e9tiseur hybride Behringer Wave"},"content":{"rendered":"<p>L&rsquo;\u00e9tui clavier sp\u00e9cial 61 convient au synth\u00e9tiseur hybride Behringer Wave.<\/p>\n<p>Contreplaqu\u00e9 ph\u00e9nolique marron de 6,8 mm<br \/>\nBordure en aluminium 30\/30<br \/>\n4 coins moyens en L<br \/>\n2 charni\u00e8res papillon moyennes<br \/>\n2 grandes charni\u00e8res verrouillables<br \/>\n1 poign\u00e9e en cuir<br \/>\n4 coins boule moyens<br \/>\n4 coins boule moyens en L<br \/>\nRembourrage en mousse<\/p>\n<p>Fabriqu\u00e9 en Allemagne<br \/>\nDimensions ext\u00e9rieures : environ L x P x H 860 x 355 x 175 mm<br \/>\nPoids : 7 kg<\/p>\n","protected":false},"excerpt":{"rendered":"<p>L&rsquo;\u00e9tui clavier sp\u00e9cial 61 convient au synth\u00e9tiseur hybride Behringer Wave. Contreplaqu\u00e9 ph\u00e9nolique marron de 6,8 mm Bordure en aluminium 30\/30<\/p>\n","protected":false},"featured_media":280791,"template":"","meta":{"_acf_changed":false},"product_brand":[],"product_cat":[13787],"product_tag":[],"class_list":{"0":"post-280842","1":"product","2":"type-product","3":"status-publish","4":"has-post-thumbnail","6":"product_cat-keyboard-cases-fr","8":"first","9":"instock","10":"taxable","11":"shipping-taxable","12":"purchasable","13":"product-type-simple"},"acf":[],"_links":{"self":[{"href":"https:\/\/megacase.com\/fr\/wp-json\/wp\/v2\/product\/280842","targetHints":{"allow":["GET"]}}],"collection":[{"href":"https:\/\/megacase.com\/fr\/wp-json\/wp\/v2\/product"}],"about":[{"href":"https:\/\/megacase.com\/fr\/wp-json\/wp\/v2\/types\/product"}],"wp:featuredmedia":[{"embeddable":true,"href":"https:\/\/megacase.com\/fr\/wp-json\/wp\/v2\/media\/280791"}],"wp:attachment":[{"href":"https:\/\/megacase.com\/fr\/wp-json\/wp\/v2\/media?parent=280842"}],"wp:term":[{"taxonomy":"product_brand","embeddable":true,"href":"https:\/\/megacase.com\/fr\/wp-json\/wp\/v2\/product_brand?post=280842"},{"taxonomy":"product_cat","embeddable":true,"href":"https:\/\/megacase.com\/fr\/wp-json\/wp\/v2\/product_cat?post=280842"},{"taxonomy":"product_tag","embeddable":true,"href":"https:\/\/megacase.com\/fr\/wp-json\/wp\/v2\/product_tag?post=280842"}],"curies":[{"name":"wp","href":"https:\/\/api.w.org\/{rel}","templated":true}]}}