{"id":280694,"date":"2026-03-26T09:06:47","date_gmt":"2026-03-26T08:06:47","guid":{"rendered":"https:\/\/megacase.com\/?post_type=product&#038;p=280694"},"modified":"2026-03-26T13:52:31","modified_gmt":"2026-03-26T12:52:31","slug":"mallette-pour-controleur-pioneer-xdj-az-alphatheta","status":"publish","type":"product","link":"https:\/\/megacase.com\/fr\/produit\/mallette-pour-controleur-pioneer-xdj-az-alphatheta\/","title":{"rendered":"Mallette pour contr\u00f4leur Pioneer XDJ-AZ AlphaTheta"},"content":{"rendered":"<p>Bo\u00eetier pour contr\u00f4leur Pioneer XDJ-AZ AlphaTheta<br \/>\navec passe-c\u00e2bles de 13 cm de large \u00e0 l&rsquo;arri\u00e8re de l&rsquo;appareil.<\/p>\n<p>Le contr\u00f4leur est utilisable dans la mallette.<\/p>\n<p>Multiplex noir 6,8 mm RAL 9004<br \/>\nBordure en aluminium 22\/22 mm<br \/>\n4 petits coins en L avec 2 trous<br \/>\n4 coins en L moyens<br \/>\n4 mini coins papillon<br \/>\n3 petites poign\u00e9es rabattables<br \/>\n8 petits coins boule<br \/>\n4 pieds en caoutchouc, 38 x 10 mm<br \/>\nmousse<\/p>\n<p>Fabriqu\u00e9 en Allemagne<br \/>\nDimensions ext\u00e9rieures : L x P x H 975 x 630 x 197 mm<br \/>\nPoids : 13,8 kg<\/p>\n","protected":false},"excerpt":{"rendered":"<p>Bo\u00eetier pour contr\u00f4leur Pioneer XDJ-AZ AlphaTheta avec passe-c\u00e2bles de 13 cm de large \u00e0 l&rsquo;arri\u00e8re de l&rsquo;appareil. Le contr\u00f4leur est<\/p>\n","protected":false},"featured_media":280623,"template":"","meta":{"_acf_changed":false},"product_brand":[],"product_cat":[13730],"product_tag":[],"class_list":{"0":"post-280694","1":"product","2":"type-product","3":"status-publish","4":"has-post-thumbnail","6":"product_cat-dj-cases-fr","8":"first","9":"instock","10":"taxable","11":"shipping-taxable","12":"purchasable","13":"product-type-simple"},"acf":[],"_links":{"self":[{"href":"https:\/\/megacase.com\/fr\/wp-json\/wp\/v2\/product\/280694","targetHints":{"allow":["GET"]}}],"collection":[{"href":"https:\/\/megacase.com\/fr\/wp-json\/wp\/v2\/product"}],"about":[{"href":"https:\/\/megacase.com\/fr\/wp-json\/wp\/v2\/types\/product"}],"wp:featuredmedia":[{"embeddable":true,"href":"https:\/\/megacase.com\/fr\/wp-json\/wp\/v2\/media\/280623"}],"wp:attachment":[{"href":"https:\/\/megacase.com\/fr\/wp-json\/wp\/v2\/media?parent=280694"}],"wp:term":[{"taxonomy":"product_brand","embeddable":true,"href":"https:\/\/megacase.com\/fr\/wp-json\/wp\/v2\/product_brand?post=280694"},{"taxonomy":"product_cat","embeddable":true,"href":"https:\/\/megacase.com\/fr\/wp-json\/wp\/v2\/product_cat?post=280694"},{"taxonomy":"product_tag","embeddable":true,"href":"https:\/\/megacase.com\/fr\/wp-json\/wp\/v2\/product_tag?post=280694"}],"curies":[{"name":"wp","href":"https:\/\/api.w.org\/{rel}","templated":true}]}}