{"id":280576,"date":"2026-03-26T09:06:47","date_gmt":"2026-03-26T08:06:47","guid":{"rendered":"https:\/\/megacase.com\/?post_type=product&#038;p=280576"},"modified":"2026-03-26T13:52:31","modified_gmt":"2026-03-26T12:52:31","slug":"panneau-de-separation-court-pour-camion-megaflex","status":"publish","type":"product","link":"https:\/\/megacase.com\/fr\/produit\/panneau-de-separation-court-pour-camion-megaflex\/","title":{"rendered":"Panneau de s\u00e9paration court pour camion Megaflex"},"content":{"rendered":"<p>Cette version courte du panneau de s\u00e9paration est con\u00e7ue pour une division variable lorsque des plateaux Megaflex sont utilis\u00e9s simultan\u00e9ment dans le coffre.<\/p>\n<p>Le panneau de s\u00e9paration est dot\u00e9 d&rsquo;une poign\u00e9e encastr\u00e9e frais\u00e9e et s&rsquo;ins\u00e8re dans les bandes de la grille.<\/p>\n<p>Le panneau se r\u00e9tr\u00e9cit vers le bas pour faciliter l&rsquo;insertion dans les bandes de la grille.<\/p>\n<p>Mat\u00e9riau : contreplaqu\u00e9 ph\u00e9nolique brun de 9 mm<\/p>\n<p>Dimensions (l x H) : 532 x 405 mm<br \/>\nPoids : environ 1,5 kg<\/p>\n","protected":false},"excerpt":{"rendered":"<p>Cette version courte du panneau de s\u00e9paration est con\u00e7ue pour une division variable lorsque des plateaux Megaflex sont utilis\u00e9s simultan\u00e9ment<\/p>\n","protected":false},"featured_media":280189,"template":"","meta":{"_acf_changed":false},"product_brand":[],"product_cat":[15043],"product_tag":[16465],"class_list":{"0":"post-280576","1":"product","2":"type-product","3":"status-publish","4":"has-post-thumbnail","6":"product_cat-uncategorized-de","7":"product_tag-megaflex-fr","9":"first","10":"instock","11":"taxable","12":"shipping-taxable","13":"purchasable","14":"product-type-simple"},"acf":[],"_links":{"self":[{"href":"https:\/\/megacase.com\/fr\/wp-json\/wp\/v2\/product\/280576","targetHints":{"allow":["GET"]}}],"collection":[{"href":"https:\/\/megacase.com\/fr\/wp-json\/wp\/v2\/product"}],"about":[{"href":"https:\/\/megacase.com\/fr\/wp-json\/wp\/v2\/types\/product"}],"wp:featuredmedia":[{"embeddable":true,"href":"https:\/\/megacase.com\/fr\/wp-json\/wp\/v2\/media\/280189"}],"wp:attachment":[{"href":"https:\/\/megacase.com\/fr\/wp-json\/wp\/v2\/media?parent=280576"}],"wp:term":[{"taxonomy":"product_brand","embeddable":true,"href":"https:\/\/megacase.com\/fr\/wp-json\/wp\/v2\/product_brand?post=280576"},{"taxonomy":"product_cat","embeddable":true,"href":"https:\/\/megacase.com\/fr\/wp-json\/wp\/v2\/product_cat?post=280576"},{"taxonomy":"product_tag","embeddable":true,"href":"https:\/\/megacase.com\/fr\/wp-json\/wp\/v2\/product_tag?post=280576"}],"curies":[{"name":"wp","href":"https:\/\/api.w.org\/{rel}","templated":true}]}}