{"id":280568,"date":"2026-03-26T09:06:48","date_gmt":"2026-03-26T08:06:48","guid":{"rendered":"https:\/\/megacase.com\/?post_type=product&#038;p=280568"},"modified":"2026-03-26T13:52:31","modified_gmt":"2026-03-26T12:52:31","slug":"coffre-de-transport-megaflex-120-color-pour-camion","status":"publish","type":"product","link":"https:\/\/megacase.com\/fr\/produit\/coffre-de-transport-megaflex-120-color-pour-camion\/","title":{"rendered":"Coffre de transport Megaflex 120 Color pour camion"},"content":{"rendered":"<p>Coffre de transport Megaflex 120 Color pour camion<br \/>\nCoffre de transport Megaflex pour c\u00e2bles et accessoires, de taille camion, avec logements pour roues, roulettes pivotantes et trois s\u00e9parateurs r\u00e9glables.<\/p>\n<p>Des s\u00e9parateurs suppl\u00e9mentaires et divers plateaux Megaflex sont disponibles en option.<\/p>\n<p>Contreplaqu\u00e9 de 9 mm, laqu\u00e9<br \/>\n&#8211; Couleur au choix dans notre nuancier<br \/>\nCh\u00e2ssis en aluminium 35 x 35 mm avec rainure \u00e0 rivets<br \/>\n4 grands angles en L<br \/>\n2 grandes charni\u00e8res papillon<br \/>\n2 grands compas de couvercle<br \/>\n2 charni\u00e8res robustes en L<br \/>\n3 charni\u00e8res \u00e0 6 trous<br \/>\n8 grandes poign\u00e9es rabattables<br \/>\n8 grands coins \u00e0 boule \u00e9tag\u00e9s<br \/>\n4 logements pour roulettes<br \/>\n4 roulettes pivotantes de 100 mm, dont 2 avec frein<br \/>\nCloisonnement flexible<br \/>\n3 s\u00e9parateurs (autres mod\u00e8les disponibles sous la r\u00e9f\u00e9rence 5004)<\/p>\n<p>Fabriqu\u00e9 en Allemagne<br \/>\nDimensions ext\u00e9rieures : (L x P x H) 1200 x 600 x 800 mm<br \/>\nHauteur ext\u00e9rieure, roulettes comprises<br \/>\nDimensions int\u00e9rieures (L x P x H) 1145 x 515 x 605 mm<br \/>\nPoids : 52 kg<\/p>\n","protected":false},"excerpt":{"rendered":"<p>Coffre de transport Megaflex 120 Color pour camion Coffre de transport Megaflex pour c\u00e2bles et accessoires, de taille camion, avec<\/p>\n","protected":false},"featured_media":280537,"template":"","meta":{"_acf_changed":false},"product_brand":[],"product_cat":[13818,13693,13755],"product_tag":[16465],"class_list":{"0":"post-280568","1":"product","2":"type-product","3":"status-publish","4":"has-post-thumbnail","6":"product_cat-case-zubehoer-fr","7":"product_cat-truhen-cases-fr","8":"product_cat-universal-flightcases-fr","9":"product_tag-megaflex-fr","11":"first","12":"instock","13":"taxable","14":"shipping-taxable","15":"purchasable","16":"product-type-simple"},"acf":[],"_links":{"self":[{"href":"https:\/\/megacase.com\/fr\/wp-json\/wp\/v2\/product\/280568","targetHints":{"allow":["GET"]}}],"collection":[{"href":"https:\/\/megacase.com\/fr\/wp-json\/wp\/v2\/product"}],"about":[{"href":"https:\/\/megacase.com\/fr\/wp-json\/wp\/v2\/types\/product"}],"wp:featuredmedia":[{"embeddable":true,"href":"https:\/\/megacase.com\/fr\/wp-json\/wp\/v2\/media\/280537"}],"wp:attachment":[{"href":"https:\/\/megacase.com\/fr\/wp-json\/wp\/v2\/media?parent=280568"}],"wp:term":[{"taxonomy":"product_brand","embeddable":true,"href":"https:\/\/megacase.com\/fr\/wp-json\/wp\/v2\/product_brand?post=280568"},{"taxonomy":"product_cat","embeddable":true,"href":"https:\/\/megacase.com\/fr\/wp-json\/wp\/v2\/product_cat?post=280568"},{"taxonomy":"product_tag","embeddable":true,"href":"https:\/\/megacase.com\/fr\/wp-json\/wp\/v2\/product_tag?post=280568"}],"curies":[{"name":"wp","href":"https:\/\/api.w.org\/{rel}","templated":true}]}}