{"id":280479,"date":"2025-07-16T09:26:53","date_gmt":"2025-07-16T07:26:53","guid":{"rendered":"https:\/\/megacase.com\/?post_type=product&#038;p=280479"},"modified":"2026-03-26T13:42:03","modified_gmt":"2026-03-26T12:42:03","slug":"coffre-a-cables-megaflex-90-noir-format-camion","status":"publish","type":"product","link":"https:\/\/megacase.com\/fr\/produit\/coffre-a-cables-megaflex-90-noir-format-camion\/","title":{"rendered":"Coffre \u00e0 c\u00e2bles Megaflex 90, noir, format camion"},"content":{"rendered":"<p>Coffre de transport Megaflex, format camion, pour c\u00e2bles et accessoires<br \/>\navec logements pour roues, roulettes pivotantes et trois compartiments r\u00e9glables.<\/p>\n<p>D&rsquo;autres compartiments et divers plateaux Megaflex sont disponibles en option.<\/p>\n<p>Contreplaqu\u00e9 noir 9 mm, RAL 9004<br \/>\nCh\u00e2ssis aluminium 35 x 35 mm avec rainure pour rivets<br \/>\n4 grands angles en L<br \/>\n2 grandes charni\u00e8res papillon<br \/>\n2 grands compas de couvercle \u00e0 encliquetage<br \/>\n2 charni\u00e8res robustes en L<br \/>\n2 charni\u00e8res \u00e0 6 trous<br \/>\n8 grandes poign\u00e9es rabattables<br \/>\n8 grands coins \u00e0 boule \u00e9tag\u00e9s<br \/>\n4 logements pour roues<br \/>\n4 roulettes pivotantes de 100 mm, dont 2 avec frein<br \/>\nCaillebotis flexible<br \/>\n3 s\u00e9parateurs (autres disponibles sous la r\u00e9f\u00e9rence 5004)<\/p>\n<p>Fabriqu\u00e9 en Allemagne<br \/>\nDimensions ext\u00e9rieures (L x P x H) : 895 x 595 x 800 mm<br \/>\nPoids : 44,5 kg<\/p>\n","protected":false},"excerpt":{"rendered":"<p>Coffre de transport Megaflex, format camion, pour c\u00e2bles et accessoires avec logements pour roues, roulettes pivotantes et trois compartiments r\u00e9glables.<\/p>\n","protected":false},"featured_media":280483,"template":"","meta":{"_acf_changed":false},"product_brand":[],"product_cat":[13693,13755,13818],"product_tag":[16465],"class_list":{"0":"post-280479","1":"product","2":"type-product","3":"status-publish","4":"has-post-thumbnail","6":"product_cat-truhen-cases-fr","7":"product_cat-universal-flightcases-fr","8":"product_cat-case-zubehoer-fr","9":"product_tag-megaflex-fr","11":"first","12":"instock","13":"taxable","14":"shipping-taxable","15":"purchasable","16":"product-type-simple"},"acf":[],"_links":{"self":[{"href":"https:\/\/megacase.com\/fr\/wp-json\/wp\/v2\/product\/280479","targetHints":{"allow":["GET"]}}],"collection":[{"href":"https:\/\/megacase.com\/fr\/wp-json\/wp\/v2\/product"}],"about":[{"href":"https:\/\/megacase.com\/fr\/wp-json\/wp\/v2\/types\/product"}],"wp:featuredmedia":[{"embeddable":true,"href":"https:\/\/megacase.com\/fr\/wp-json\/wp\/v2\/media\/280483"}],"wp:attachment":[{"href":"https:\/\/megacase.com\/fr\/wp-json\/wp\/v2\/media?parent=280479"}],"wp:term":[{"taxonomy":"product_brand","embeddable":true,"href":"https:\/\/megacase.com\/fr\/wp-json\/wp\/v2\/product_brand?post=280479"},{"taxonomy":"product_cat","embeddable":true,"href":"https:\/\/megacase.com\/fr\/wp-json\/wp\/v2\/product_cat?post=280479"},{"taxonomy":"product_tag","embeddable":true,"href":"https:\/\/megacase.com\/fr\/wp-json\/wp\/v2\/product_tag?post=280479"}],"curies":[{"name":"wp","href":"https:\/\/api.w.org\/{rel}","templated":true}]}}