{"id":280475,"date":"2026-03-26T09:06:48","date_gmt":"2026-03-26T08:06:48","guid":{"rendered":"https:\/\/megacase.com\/?post_type=product&#038;p=280475"},"modified":"2026-03-26T13:52:30","modified_gmt":"2026-03-26T12:52:30","slug":"boite-de-transport-megaflex-80-noire-format-camion","status":"publish","type":"product","link":"https:\/\/megacase.com\/fr\/produit\/boite-de-transport-megaflex-80-noire-format-camion\/","title":{"rendered":"Bo\u00eete de transport Megaflex 80, noire, format camion"},"content":{"rendered":"<p>Bo\u00eete de transport Megaflex 80, noire, format camion<br \/>\nBo\u00eete de transport Megaflex, format camion, pour c\u00e2bles et accessoires<br \/>\navec logements pour roues, roulettes pivotantes et deux s\u00e9parateurs r\u00e9glables.<\/p>\n<p>D&rsquo;autres s\u00e9parateurs et divers bacs Megaflex sont disponibles en option.<\/p>\n<p>Multiplex 9 mm, noir RAL 9004<br \/>\nBordure aluminium 35 x 35 mm avec rainure \u00e0 rivets<br \/>\n4 grands angles en L<br \/>\n2 grandes charni\u00e8res papillon<br \/>\n1 grand compas de couvercle<br \/>\n2 charni\u00e8res robustes en L<br \/>\n1 charni\u00e8re \u00e0 6 trous<br \/>\n8 grandes poign\u00e9es rabattables<br \/>\n8 grands coins \u00e0 boule \u00e9tag\u00e9s<br \/>\n4 logements pour roues<br \/>\n4 roulettes pivotantes de 100 mm, dont 2 avec frein<br \/>\nCloisonnement flexible<br \/>\n2 s\u00e9parateurs (autres disponibles sous la r\u00e9f\u00e9rence 5004)<\/p>\n<p>Fabriqu\u00e9 en Allemagne<br \/>\nDimensions ext\u00e9rieures : environ 795 x 595 x 796 mm<\/p>\n","protected":false},"excerpt":{"rendered":"<p>Bo\u00eete de transport Megaflex 80, noire, format camion Bo\u00eete de transport Megaflex, format camion, pour c\u00e2bles et accessoires avec logements<\/p>\n","protected":false},"featured_media":280404,"template":"","meta":{"_acf_changed":false},"product_brand":[],"product_cat":[13755],"product_tag":[16465],"class_list":{"0":"post-280475","1":"product","2":"type-product","3":"status-publish","4":"has-post-thumbnail","6":"product_cat-universal-flightcases-fr","7":"product_tag-megaflex-fr","9":"first","10":"instock","11":"taxable","12":"shipping-taxable","13":"purchasable","14":"product-type-simple"},"acf":[],"_links":{"self":[{"href":"https:\/\/megacase.com\/fr\/wp-json\/wp\/v2\/product\/280475","targetHints":{"allow":["GET"]}}],"collection":[{"href":"https:\/\/megacase.com\/fr\/wp-json\/wp\/v2\/product"}],"about":[{"href":"https:\/\/megacase.com\/fr\/wp-json\/wp\/v2\/types\/product"}],"wp:featuredmedia":[{"embeddable":true,"href":"https:\/\/megacase.com\/fr\/wp-json\/wp\/v2\/media\/280404"}],"wp:attachment":[{"href":"https:\/\/megacase.com\/fr\/wp-json\/wp\/v2\/media?parent=280475"}],"wp:term":[{"taxonomy":"product_brand","embeddable":true,"href":"https:\/\/megacase.com\/fr\/wp-json\/wp\/v2\/product_brand?post=280475"},{"taxonomy":"product_cat","embeddable":true,"href":"https:\/\/megacase.com\/fr\/wp-json\/wp\/v2\/product_cat?post=280475"},{"taxonomy":"product_tag","embeddable":true,"href":"https:\/\/megacase.com\/fr\/wp-json\/wp\/v2\/product_tag?post=280475"}],"curies":[{"name":"wp","href":"https:\/\/api.w.org\/{rel}","templated":true}]}}