{"id":280397,"date":"2026-03-26T09:06:48","date_gmt":"2026-03-26T08:06:48","guid":{"rendered":"https:\/\/megacase.com\/?post_type=product&#038;p=280397"},"modified":"2026-03-26T13:52:30","modified_gmt":"2026-03-26T12:52:30","slug":"coffre-a-cables-megaflex-60-noir-format-camion","status":"publish","type":"product","link":"https:\/\/megacase.com\/fr\/produit\/coffre-a-cables-megaflex-60-noir-format-camion\/","title":{"rendered":"Coffre \u00e0 c\u00e2bles Megaflex 60, noir, format camion"},"content":{"rendered":"<p>Coffre de transport Megaflex, format camion, pour c\u00e2bles et accessoires<br \/>\navec logements pour roues, roulettes pivotantes et deux s\u00e9parateurs r\u00e9glables.<\/p>\n<p>Multiplex 9 mm, noir RAL 9004<br \/>\nBordure aluminium 35 x 35 mm avec rainure \u00e0 rivets<br \/>\n8 grands angles en L<br \/>\n2 grandes charni\u00e8res papillon<br \/>\n1 grand compas de couvercle<br \/>\n2 charni\u00e8res 6 trous<br \/>\n8 grandes poign\u00e9es rabattables<br \/>\n8 grands coins \u00e0 boule \u00e9tag\u00e9s<br \/>\n4 logements pour roues<br \/>\n4 roulettes pivotantes de 100 mm, dont 2 avec frein<br \/>\nCloisonnement flexible<br \/>\n2 s\u00e9parateurs (autres mod\u00e8les disponibles sous la r\u00e9f\u00e9rence 5004)<\/p>\n<p>Fabriqu\u00e9 en Allemagne<br \/>\nDimensions ext\u00e9rieures environ L x P x H : 595 x 595 x 800 mm<br \/>\nPoids : 37,4 kg<\/p>\n","protected":false},"excerpt":{"rendered":"<p>Coffre de transport Megaflex, format camion, pour c\u00e2bles et accessoires avec logements pour roues, roulettes pivotantes et deux s\u00e9parateurs r\u00e9glables.<\/p>\n","protected":false},"featured_media":280155,"template":"","meta":{"_acf_changed":false},"product_brand":[],"product_cat":[13755],"product_tag":[16465],"class_list":{"0":"post-280397","1":"product","2":"type-product","3":"status-publish","4":"has-post-thumbnail","6":"product_cat-universal-flightcases-fr","7":"product_tag-megaflex-fr","9":"first","10":"instock","11":"taxable","12":"shipping-taxable","13":"purchasable","14":"product-type-simple"},"acf":[],"_links":{"self":[{"href":"https:\/\/megacase.com\/fr\/wp-json\/wp\/v2\/product\/280397","targetHints":{"allow":["GET"]}}],"collection":[{"href":"https:\/\/megacase.com\/fr\/wp-json\/wp\/v2\/product"}],"about":[{"href":"https:\/\/megacase.com\/fr\/wp-json\/wp\/v2\/types\/product"}],"wp:featuredmedia":[{"embeddable":true,"href":"https:\/\/megacase.com\/fr\/wp-json\/wp\/v2\/media\/280155"}],"wp:attachment":[{"href":"https:\/\/megacase.com\/fr\/wp-json\/wp\/v2\/media?parent=280397"}],"wp:term":[{"taxonomy":"product_brand","embeddable":true,"href":"https:\/\/megacase.com\/fr\/wp-json\/wp\/v2\/product_brand?post=280397"},{"taxonomy":"product_cat","embeddable":true,"href":"https:\/\/megacase.com\/fr\/wp-json\/wp\/v2\/product_cat?post=280397"},{"taxonomy":"product_tag","embeddable":true,"href":"https:\/\/megacase.com\/fr\/wp-json\/wp\/v2\/product_tag?post=280397"}],"curies":[{"name":"wp","href":"https:\/\/api.w.org\/{rel}","templated":true}]}}