{"id":280371,"date":"2025-07-15T12:23:53","date_gmt":"2025-07-15T10:23:53","guid":{"rendered":"https:\/\/megacase.com\/?post_type=product&#038;p=280371"},"modified":"2026-03-26T13:42:03","modified_gmt":"2026-03-26T12:42:03","slug":"plateau-de-120-cm-de-cables-megaflex-aux-dimensions-dun-camion","status":"publish","type":"product","link":"https:\/\/megacase.com\/fr\/produit\/plateau-de-120-cm-de-cables-megaflex-aux-dimensions-dun-camion\/","title":{"rendered":"Plateau de 120 cm de c\u00e2bles Megaflex aux dimensions d&rsquo;un camion"},"content":{"rendered":"<p>Plateau de 120 cm adapt\u00e9 aux goulottes de c\u00e2bles Megaflex aux dimensions d&rsquo;un camion<br \/>\nContreplaqu\u00e9 de bouleau de 15 mm<br \/>\nFinition noire avec une finition textur\u00e9e durable<br \/>\nPieds plats en caoutchouc en bas<br \/>\nPoign\u00e9es encastr\u00e9es frais\u00e9es sur les c\u00f4t\u00e9s<\/p>\n<p>Fabriqu\u00e9 en Allemagne<br \/>\nAu\u00dfenma\u00dfe  BxTxH 1138x544x190 mm<br \/>\nInnenma\u00dfe BxTxH 1108x514x165 mm<br \/>\nPoids environ 12,4 kg<\/p>\n","protected":false},"excerpt":{"rendered":"<p>Plateau de 120 cm adapt\u00e9 aux goulottes de c\u00e2bles Megaflex aux dimensions d&rsquo;un camion Contreplaqu\u00e9 de bouleau de 15 mm<\/p>\n","protected":false},"featured_media":280364,"template":"","meta":{"_acf_changed":false},"product_brand":[],"product_cat":[13818],"product_tag":[16465],"class_list":{"0":"post-280371","1":"product","2":"type-product","3":"status-publish","4":"has-post-thumbnail","6":"product_cat-case-zubehoer-fr","7":"product_tag-megaflex-fr","9":"first","10":"instock","11":"taxable","12":"shipping-taxable","13":"purchasable","14":"product-type-simple"},"acf":[],"_links":{"self":[{"href":"https:\/\/megacase.com\/fr\/wp-json\/wp\/v2\/product\/280371","targetHints":{"allow":["GET"]}}],"collection":[{"href":"https:\/\/megacase.com\/fr\/wp-json\/wp\/v2\/product"}],"about":[{"href":"https:\/\/megacase.com\/fr\/wp-json\/wp\/v2\/types\/product"}],"wp:featuredmedia":[{"embeddable":true,"href":"https:\/\/megacase.com\/fr\/wp-json\/wp\/v2\/media\/280364"}],"wp:attachment":[{"href":"https:\/\/megacase.com\/fr\/wp-json\/wp\/v2\/media?parent=280371"}],"wp:term":[{"taxonomy":"product_brand","embeddable":true,"href":"https:\/\/megacase.com\/fr\/wp-json\/wp\/v2\/product_brand?post=280371"},{"taxonomy":"product_cat","embeddable":true,"href":"https:\/\/megacase.com\/fr\/wp-json\/wp\/v2\/product_cat?post=280371"},{"taxonomy":"product_tag","embeddable":true,"href":"https:\/\/megacase.com\/fr\/wp-json\/wp\/v2\/product_tag?post=280371"}],"curies":[{"name":"wp","href":"https:\/\/api.w.org\/{rel}","templated":true}]}}