{"id":280200,"date":"2026-03-26T09:06:48","date_gmt":"2026-03-26T08:06:48","guid":{"rendered":"https:\/\/megacase.com\/?post_type=product&#038;p=280200"},"modified":"2026-03-26T13:52:30","modified_gmt":"2026-03-26T12:52:30","slug":"panneau-de-separation-pour-coffre-megaflex-de-taille-camion","status":"publish","type":"product","link":"https:\/\/megacase.com\/fr\/produit\/panneau-de-separation-pour-coffre-megaflex-de-taille-camion\/","title":{"rendered":"Panneau de s\u00e9paration pour coffre Megaflex de taille camion"},"content":{"rendered":"<p>Ce panneau est dot\u00e9 d&rsquo;une poign\u00e9e encastr\u00e9e frais\u00e9e et peut \u00eatre ins\u00e9r\u00e9 dans les rails de la grille de diff\u00e9rentes mani\u00e8res.<\/p>\n<p>La plaque se r\u00e9tr\u00e9cit vers le bas pour faciliter l&rsquo;insertion dans les rails de la grille.<\/p>\n<p>Mat\u00e9riau : contreplaqu\u00e9 ph\u00e9nolique brun de 9 mm<\/p>\n<p>Dimensions (l x H) : 53,2 x 60,5 cm<br \/>\nPoids : environ 2,0 kg<\/p>\n","protected":false},"excerpt":{"rendered":"<p>Ce panneau est dot\u00e9 d&rsquo;une poign\u00e9e encastr\u00e9e frais\u00e9e et peut \u00eatre ins\u00e9r\u00e9 dans les rails de la grille de diff\u00e9rentes<\/p>\n","protected":false},"featured_media":280189,"template":"","meta":{"_acf_changed":false},"product_brand":[],"product_cat":[15043],"product_tag":[16465],"class_list":{"0":"post-280200","1":"product","2":"type-product","3":"status-publish","4":"has-post-thumbnail","6":"product_cat-uncategorized-de","7":"product_tag-megaflex-fr","9":"first","10":"instock","11":"taxable","12":"shipping-taxable","13":"purchasable","14":"product-type-simple"},"acf":[],"_links":{"self":[{"href":"https:\/\/megacase.com\/fr\/wp-json\/wp\/v2\/product\/280200","targetHints":{"allow":["GET"]}}],"collection":[{"href":"https:\/\/megacase.com\/fr\/wp-json\/wp\/v2\/product"}],"about":[{"href":"https:\/\/megacase.com\/fr\/wp-json\/wp\/v2\/types\/product"}],"wp:featuredmedia":[{"embeddable":true,"href":"https:\/\/megacase.com\/fr\/wp-json\/wp\/v2\/media\/280189"}],"wp:attachment":[{"href":"https:\/\/megacase.com\/fr\/wp-json\/wp\/v2\/media?parent=280200"}],"wp:term":[{"taxonomy":"product_brand","embeddable":true,"href":"https:\/\/megacase.com\/fr\/wp-json\/wp\/v2\/product_brand?post=280200"},{"taxonomy":"product_cat","embeddable":true,"href":"https:\/\/megacase.com\/fr\/wp-json\/wp\/v2\/product_cat?post=280200"},{"taxonomy":"product_tag","embeddable":true,"href":"https:\/\/megacase.com\/fr\/wp-json\/wp\/v2\/product_tag?post=280200"}],"curies":[{"name":"wp","href":"https:\/\/api.w.org\/{rel}","templated":true}]}}