{"id":280183,"date":"2026-03-26T09:06:49","date_gmt":"2026-03-26T08:06:49","guid":{"rendered":"https:\/\/megacase.com\/?post_type=product&#038;p=280183"},"modified":"2026-03-27T11:39:51","modified_gmt":"2026-03-27T10:39:51","slug":"plateau-multiflex-pour-camion-30-cm-avec-insert-en-mousse-kopie","status":"publish","type":"product","link":"https:\/\/megacase.com\/fr\/produit\/plateau-multiflex-pour-camion-30-cm-avec-insert-en-mousse-kopie\/","title":{"rendered":"Plateau Multiflex pour camion 30 cm avec insert en mousse (Kopie)"},"content":{"rendered":"<p>Plateau de 30 cm assorti au plateau Multiflex<br \/>\nContreplaqu\u00e9 de bouleau 15 mm<br \/>\nFinition noire avec une finition textur\u00e9e durable<br \/>\nPieds plats en caoutchouc en bas<br \/>\nPoign\u00e9es lat\u00e9rales frais\u00e9es<br \/>\nInserts en mousse \u00e0 gauche et \u00e0 droite<br \/>\n2 s\u00e9parateurs en ph\u00e9nolique marron 6,8 mm<\/p>\n<p>Fabriqu\u00e9 en Allemagne<br \/>\nDimensions ext\u00e9rieures L x P x H : 29 x 57,7 x 18 cm<br \/>\nDimensions int\u00e9rieures L x P x H : 26 x 54 x 16,5 cm<br \/>\nPoids : environ 4 kg<\/p>\n","protected":false},"excerpt":{"rendered":"<p>Plateau de 30 cm assorti au plateau Multiflex Contreplaqu\u00e9 de bouleau 15 mm Finition noire avec une finition textur\u00e9e durable<\/p>\n","protected":false},"featured_media":280000,"template":"","meta":{"_acf_changed":false},"product_brand":[],"product_cat":[16336],"product_tag":[16465],"class_list":{"0":"post-280183","1":"product","2":"type-product","3":"status-publish","4":"has-post-thumbnail","6":"product_cat-uncategorized-fr","7":"product_tag-megaflex-fr","9":"first","10":"instock","11":"taxable","12":"shipping-taxable","13":"purchasable","14":"product-type-simple"},"acf":[],"_links":{"self":[{"href":"https:\/\/megacase.com\/fr\/wp-json\/wp\/v2\/product\/280183","targetHints":{"allow":["GET"]}}],"collection":[{"href":"https:\/\/megacase.com\/fr\/wp-json\/wp\/v2\/product"}],"about":[{"href":"https:\/\/megacase.com\/fr\/wp-json\/wp\/v2\/types\/product"}],"wp:featuredmedia":[{"embeddable":true,"href":"https:\/\/megacase.com\/fr\/wp-json\/wp\/v2\/media\/280000"}],"wp:attachment":[{"href":"https:\/\/megacase.com\/fr\/wp-json\/wp\/v2\/media?parent=280183"}],"wp:term":[{"taxonomy":"product_brand","embeddable":true,"href":"https:\/\/megacase.com\/fr\/wp-json\/wp\/v2\/product_brand?post=280183"},{"taxonomy":"product_cat","embeddable":true,"href":"https:\/\/megacase.com\/fr\/wp-json\/wp\/v2\/product_cat?post=280183"},{"taxonomy":"product_tag","embeddable":true,"href":"https:\/\/megacase.com\/fr\/wp-json\/wp\/v2\/product_tag?post=280183"}],"curies":[{"name":"wp","href":"https:\/\/api.w.org\/{rel}","templated":true}]}}