{"id":279955,"date":"2025-07-10T12:42:19","date_gmt":"2025-07-10T10:42:19","guid":{"rendered":"https:\/\/megacase.com\/?post_type=product&#038;p=279955"},"modified":"2026-03-26T13:42:05","modified_gmt":"2026-03-26T12:42:05","slug":"coffre-a-cables-multiflex-100-pour-camion","status":"publish","type":"product","link":"https:\/\/megacase.com\/fr\/produit\/coffre-a-cables-multiflex-100-pour-camion\/","title":{"rendered":"Coffre \u00e0 c\u00e2bles Multiflex 100 pour camion"},"content":{"rendered":"<p>Coffre \u00e0 c\u00e2bles Multiflex 100 pour camion<br \/>\nCoffre de transport Multiflex pour c\u00e2bles et accessoires<br \/>\navec trois compartiments pour camion.<br \/>\nContreplaqu\u00e9 ph\u00e9nolique marron de 9 mm<br \/>\nChant aluminium 35\/35 mm<br \/>\n4 grands angles en L<br \/>\n2 grandes charni\u00e8res papillon V3 (14 mm)<br \/>\n8 grandes poign\u00e9es rabattables<br \/>\n2 grands compas de couvercle \u00e0 clic<br \/>\n2 charni\u00e8res robustes en L<br \/>\n1 charni\u00e8re 6 trous<br \/>\n8 grands angles \u00e0 boule \u00e9tag\u00e9s<br \/>\n1 porte-\u00e9tiquettes<br \/>\n4 logements pour roulettes<br \/>\n4 roulettes pivotantes, dont 2 avec frein<br \/>\n2 planches \u00e0 roulettes (570 x 160 mm)<br \/>\nBarreaux grillag\u00e9s<br \/>\n2 cloisons longues (r\u00e9f. 5004)<br \/>\n1 cloison courte<\/p>\n<p>Fabriqu\u00e9 en Allemagne<br \/>\nDimensions ext\u00e9rieures : (L x P x H) 1000 x 600 x 800 mm<br \/>\nHauteur ext\u00e9rieure, roulettes comprises<br \/>\nDimensions int\u00e9rieures (L x P x H) 945 x 515 x 605 mm<br \/>\nPoids : 49 kg<\/p>\n","protected":false},"excerpt":{"rendered":"<p>Coffre \u00e0 c\u00e2bles Multiflex 100 pour camion Coffre de transport Multiflex pour c\u00e2bles et accessoires avec trois compartiments pour camion.<\/p>\n","protected":false},"featured_media":279940,"template":"","meta":{"_acf_changed":false},"product_brand":[],"product_cat":[13818,13693,13755],"product_tag":[16465],"class_list":{"0":"post-279955","1":"product","2":"type-product","3":"status-publish","4":"has-post-thumbnail","6":"product_cat-case-zubehoer-fr","7":"product_cat-truhen-cases-fr","8":"product_cat-universal-flightcases-fr","9":"product_tag-megaflex-fr","11":"first","12":"instock","13":"taxable","14":"shipping-taxable","15":"purchasable","16":"product-type-simple"},"acf":[],"_links":{"self":[{"href":"https:\/\/megacase.com\/fr\/wp-json\/wp\/v2\/product\/279955","targetHints":{"allow":["GET"]}}],"collection":[{"href":"https:\/\/megacase.com\/fr\/wp-json\/wp\/v2\/product"}],"about":[{"href":"https:\/\/megacase.com\/fr\/wp-json\/wp\/v2\/types\/product"}],"wp:featuredmedia":[{"embeddable":true,"href":"https:\/\/megacase.com\/fr\/wp-json\/wp\/v2\/media\/279940"}],"wp:attachment":[{"href":"https:\/\/megacase.com\/fr\/wp-json\/wp\/v2\/media?parent=279955"}],"wp:term":[{"taxonomy":"product_brand","embeddable":true,"href":"https:\/\/megacase.com\/fr\/wp-json\/wp\/v2\/product_brand?post=279955"},{"taxonomy":"product_cat","embeddable":true,"href":"https:\/\/megacase.com\/fr\/wp-json\/wp\/v2\/product_cat?post=279955"},{"taxonomy":"product_tag","embeddable":true,"href":"https:\/\/megacase.com\/fr\/wp-json\/wp\/v2\/product_tag?post=279955"}],"curies":[{"name":"wp","href":"https:\/\/api.w.org\/{rel}","templated":true}]}}