{"id":279906,"date":"2026-03-26T09:07:54","date_gmt":"2026-03-26T08:07:54","guid":{"rendered":"https:\/\/megacase.com\/?post_type=product&#038;p=279906"},"modified":"2026-03-27T11:39:51","modified_gmt":"2026-03-27T10:39:51","slug":"mallette-deffets-sheeran-looper-x","status":"publish","type":"product","link":"https:\/\/megacase.com\/fr\/produit\/mallette-deffets-sheeran-looper-x\/","title":{"rendered":"Mallette d&rsquo;effets Sheeran Looper X"},"content":{"rendered":"<p>Mallette \u00e0 capot pour p\u00e9dale multi-effets\/looper Sheeran Looper X<br \/>\navec passe-c\u00e2ble de 10 cm \u00e0 l&rsquo;arri\u00e8re.<\/p>\n<p>Acc\u00e8s par le dessous.<\/p>\n<p>Contreplaqu\u00e9 ph\u00e9nolique marron de 6,8 mm<br \/>\nBordure en aluminium 22\/22 mm<br \/>\n4 coins moyens en L<br \/>\n2 mini coins papillon<br \/>\n1 poign\u00e9e<br \/>\n4 petits coins boule<br \/>\n4 petits coins boule avec coins en L<br \/>\n4 pieds en caoutchouc 38 x 10 mm<br \/>\nRembourrage en mousse<\/p>\n<p>** Remarque : Les appareils pr\u00e9sent\u00e9s sont \u00e0 titre indicatif uniquement et ne sont pas inclus dans cette offre.<\/p>\n<p>Fabriqu\u00e9 en Allemagne<br \/>\nDimensions ext\u00e9rieures L x P x H : 614 x 460 x 177 mm<br \/>\nPoids : 5,9 kg<\/p>\n","protected":false},"excerpt":{"rendered":"<p>Mallette \u00e0 capot pour p\u00e9dale multi-effets\/looper Sheeran Looper X avec passe-c\u00e2ble de 10 cm \u00e0 l&rsquo;arri\u00e8re. Acc\u00e8s par le dessous.<\/p>\n","protected":false},"featured_media":279835,"template":"","meta":{"_acf_changed":false},"product_brand":[],"product_cat":[16365],"product_tag":[],"class_list":{"0":"post-279906","1":"product","2":"type-product","3":"status-publish","4":"has-post-thumbnail","6":"product_cat-pedalcase-fr","8":"first","9":"instock","10":"taxable","11":"shipping-taxable","12":"purchasable","13":"product-type-simple"},"acf":[],"_links":{"self":[{"href":"https:\/\/megacase.com\/fr\/wp-json\/wp\/v2\/product\/279906","targetHints":{"allow":["GET"]}}],"collection":[{"href":"https:\/\/megacase.com\/fr\/wp-json\/wp\/v2\/product"}],"about":[{"href":"https:\/\/megacase.com\/fr\/wp-json\/wp\/v2\/types\/product"}],"wp:featuredmedia":[{"embeddable":true,"href":"https:\/\/megacase.com\/fr\/wp-json\/wp\/v2\/media\/279835"}],"wp:attachment":[{"href":"https:\/\/megacase.com\/fr\/wp-json\/wp\/v2\/media?parent=279906"}],"wp:term":[{"taxonomy":"product_brand","embeddable":true,"href":"https:\/\/megacase.com\/fr\/wp-json\/wp\/v2\/product_brand?post=279906"},{"taxonomy":"product_cat","embeddable":true,"href":"https:\/\/megacase.com\/fr\/wp-json\/wp\/v2\/product_cat?post=279906"},{"taxonomy":"product_tag","embeddable":true,"href":"https:\/\/megacase.com\/fr\/wp-json\/wp\/v2\/product_tag?post=279906"}],"curies":[{"name":"wp","href":"https:\/\/api.w.org\/{rel}","templated":true}]}}