{"id":279779,"date":"2026-03-26T09:07:55","date_gmt":"2026-03-26T08:07:55","guid":{"rendered":"https:\/\/megacase.com\/?post_type=product&#038;p=279779"},"modified":"2026-03-27T11:39:50","modified_gmt":"2026-03-27T10:39:50","slug":"mallette-pour-table-de-mixage-mackie-onyx-24","status":"publish","type":"product","link":"https:\/\/megacase.com\/fr\/produit\/mallette-pour-table-de-mixage-mackie-onyx-24\/","title":{"rendered":"Mallette pour table de mixage Mackie Onyx 24"},"content":{"rendered":"<p>Mallette pour table de mixage Mackie Onyx 24 avec passe-c\u00e2bles int\u00e9gr\u00e9.<br \/>\nLa table de mixage est accessible par le dessous.<\/p>\n<p>Contreplaqu\u00e9 ph\u00e9nolique marron de 6,8 mm<br \/>\nCh\u00e2ssis en aluminium 30\/30 mm<br \/>\n4 coins moyens en L<br \/>\n4 coins moyens papillon<br \/>\n3 poign\u00e9es pliantes moyennes<br \/>\n4 coins moyens boule<br \/>\n4 coins moyens boule avec coins en L<br \/>\n4 pieds en caoutchouc<br \/>\nRembourrage en mousse<\/p>\n<p>** Remarque : Les appareils pr\u00e9sent\u00e9s sont \u00e0 titre indicatif uniquement et ne sont PAS inclus dans cette offre.<\/p>\n<p>Fabriqu\u00e9 en Allemagne<br \/>\nDimensions ext\u00e9rieures : environ L x P x H : 712 x 520 x 210 mm<br \/>\nPoids : environ 9,5 kg<\/p>\n","protected":false},"excerpt":{"rendered":"<p>Mallette pour table de mixage Mackie Onyx 24 avec passe-c\u00e2bles int\u00e9gr\u00e9. La table de mixage est accessible par le dessous.<\/p>\n","protected":false},"featured_media":279712,"template":"","meta":{"_acf_changed":false},"product_brand":[],"product_cat":[13828],"product_tag":[],"class_list":{"0":"post-279779","1":"product","2":"type-product","3":"status-publish","4":"has-post-thumbnail","6":"product_cat-mischpult-cases-fr","8":"first","9":"instock","10":"taxable","11":"shipping-taxable","12":"purchasable","13":"product-type-simple"},"acf":[],"_links":{"self":[{"href":"https:\/\/megacase.com\/fr\/wp-json\/wp\/v2\/product\/279779","targetHints":{"allow":["GET"]}}],"collection":[{"href":"https:\/\/megacase.com\/fr\/wp-json\/wp\/v2\/product"}],"about":[{"href":"https:\/\/megacase.com\/fr\/wp-json\/wp\/v2\/types\/product"}],"wp:featuredmedia":[{"embeddable":true,"href":"https:\/\/megacase.com\/fr\/wp-json\/wp\/v2\/media\/279712"}],"wp:attachment":[{"href":"https:\/\/megacase.com\/fr\/wp-json\/wp\/v2\/media?parent=279779"}],"wp:term":[{"taxonomy":"product_brand","embeddable":true,"href":"https:\/\/megacase.com\/fr\/wp-json\/wp\/v2\/product_brand?post=279779"},{"taxonomy":"product_cat","embeddable":true,"href":"https:\/\/megacase.com\/fr\/wp-json\/wp\/v2\/product_cat?post=279779"},{"taxonomy":"product_tag","embeddable":true,"href":"https:\/\/megacase.com\/fr\/wp-json\/wp\/v2\/product_tag?post=279779"}],"curies":[{"name":"wp","href":"https:\/\/api.w.org\/{rel}","templated":true}]}}