{"id":279706,"date":"2025-07-09T10:26:22","date_gmt":"2025-07-09T08:26:22","guid":{"rendered":"https:\/\/megacase.com\/?post_type=product&#038;p=279706"},"modified":"2026-03-26T13:42:05","modified_gmt":"2026-03-26T12:42:05","slug":"coffre-pour-2-trepieds-manfrotto-087nw-wind-up","status":"publish","type":"product","link":"https:\/\/megacase.com\/fr\/produit\/coffre-pour-2-trepieds-manfrotto-087nw-wind-up\/","title":{"rendered":"Coffre pour 2 tr\u00e9pieds Manfrotto 087NW Wind Up"},"content":{"rendered":"<p>Valise de transport professionnelle pour deux tr\u00e9pieds Manfrotto 087NW Wind Up<br \/>\navec \u00e9triers en bois internes sur mesure pour deux tr\u00e9pieds.<br \/>\nEmplacements pour roulettes int\u00e9gr\u00e9s dans le couvercle et roulettes pivotantes.<\/p>\n<p>Contreplaqu\u00e9 noir 9 mm, RAL 9004<br \/>\nBordure en aluminium 30 x 30 mm<br \/>\n2 coins moyens en L<br \/>\n2 grands coins en L<br \/>\n3 charni\u00e8res papillon moyennes<br \/>\n3 supports de couvercle moyens avec syst\u00e8me d&rsquo;arr\u00eat<br \/>\n2 charni\u00e8res lourdes en L<br \/>\n4 charni\u00e8res \u00e0 6 trous<br \/>\n6 poign\u00e9es pliantes moyennes<br \/>\n4 emplacements pour roulettes<br \/>\n2 \u00e9triers en bois pour deux tr\u00e9pieds<br \/>\n8 grands coins \u00e0 billes en acier<br \/>\n4 roulettes pivotantes, dont 2 avec frein<\/p>\n<p>** Remarque : Les appareils pr\u00e9sent\u00e9s sont \u00e0 titre indicatif uniquement et ne sont pas inclus dans l&rsquo;offre.<\/p>\n<p>Fabriqu\u00e9 en Allemagne<br \/>\nDimensions ext\u00e9rieures L x P x H : 1874 x 553 x 405 mm<br \/>\nPoids : 36,5 kg<\/p>\n","protected":false},"excerpt":{"rendered":"<p>Valise de transport professionnelle pour deux tr\u00e9pieds Manfrotto 087NW Wind Up avec \u00e9triers en bois internes sur mesure pour deux<\/p>\n","protected":false},"featured_media":279639,"template":"","meta":{"_acf_changed":false},"product_brand":[],"product_cat":[13693],"product_tag":[],"class_list":{"0":"post-279706","1":"product","2":"type-product","3":"status-publish","4":"has-post-thumbnail","6":"product_cat-truhen-cases-fr","8":"first","9":"instock","10":"taxable","11":"shipping-taxable","12":"purchasable","13":"product-type-simple"},"acf":[],"_links":{"self":[{"href":"https:\/\/megacase.com\/fr\/wp-json\/wp\/v2\/product\/279706","targetHints":{"allow":["GET"]}}],"collection":[{"href":"https:\/\/megacase.com\/fr\/wp-json\/wp\/v2\/product"}],"about":[{"href":"https:\/\/megacase.com\/fr\/wp-json\/wp\/v2\/types\/product"}],"wp:featuredmedia":[{"embeddable":true,"href":"https:\/\/megacase.com\/fr\/wp-json\/wp\/v2\/media\/279639"}],"wp:attachment":[{"href":"https:\/\/megacase.com\/fr\/wp-json\/wp\/v2\/media?parent=279706"}],"wp:term":[{"taxonomy":"product_brand","embeddable":true,"href":"https:\/\/megacase.com\/fr\/wp-json\/wp\/v2\/product_brand?post=279706"},{"taxonomy":"product_cat","embeddable":true,"href":"https:\/\/megacase.com\/fr\/wp-json\/wp\/v2\/product_cat?post=279706"},{"taxonomy":"product_tag","embeddable":true,"href":"https:\/\/megacase.com\/fr\/wp-json\/wp\/v2\/product_tag?post=279706"}],"curies":[{"name":"wp","href":"https:\/\/api.w.org\/{rel}","templated":true}]}}