{"id":279634,"date":"2026-03-26T09:07:54","date_gmt":"2026-03-26T08:07:54","guid":{"rendered":"https:\/\/megacase.com\/?post_type=product&#038;p=279634"},"modified":"2026-03-27T11:39:50","modified_gmt":"2026-03-27T10:39:50","slug":"valise-a-roulettes-pour-microsoft-surface-studio-2","status":"publish","type":"product","link":"https:\/\/megacase.com\/fr\/produit\/valise-a-roulettes-pour-microsoft-surface-studio-2\/","title":{"rendered":"Valise \u00e0 roulettes pour Microsoft Surface Studio 2+"},"content":{"rendered":"<p>Valise \u00e0 roulettes avec fonction trolley et roulettes d&rsquo;angle pour Microsoft Surface Studio 2+.<\/p>\n<p>Compartiments pour accessoires sous l&rsquo;appareil.<\/p>\n<p>Plastique alv\u00e9ol\u00e9 noir de 7 mm<br \/>\nBordure en aluminium de 25\/25 mm<br \/>\n4 coins moyens en L<br \/>\n2 charni\u00e8res papillon moyennes avec \u0153illet<br \/>\n2 grandes charni\u00e8res verrouillables<br \/>\n3 poign\u00e9es pliantes moyennes<br \/>\n2 coins boule moyens<br \/>\n4 coins boule moyens avec coins en L<br \/>\n2 roulettes d&rsquo;angle de 48 mm<br \/>\n1 poign\u00e9e trolley int\u00e9gr\u00e9e \u00e0 deux niveaux<br \/>\n4 pieds en caoutchouc<br \/>\nRembourrage en mousse<\/p>\n<p>Fabriqu\u00e9 en Allemagne<br \/>\nDimensions ext\u00e9rieures (L x P x H) : environ 747 x 522 x 235 mm<br \/>\nPoids : environ 9,6 kg<\/p>\n","protected":false},"excerpt":{"rendered":"<p>Valise \u00e0 roulettes avec fonction trolley et roulettes d&rsquo;angle pour Microsoft Surface Studio 2+. Compartiments pour accessoires sous l&rsquo;appareil. Plastique<\/p>\n","protected":false},"featured_media":279595,"template":"","meta":{"_acf_changed":false},"product_brand":[],"product_cat":[13808],"product_tag":[],"class_list":{"0":"post-279634","1":"product","2":"type-product","3":"status-publish","4":"has-post-thumbnail","6":"product_cat-it-cases-fr","8":"first","9":"instock","10":"taxable","11":"shipping-taxable","12":"purchasable","13":"product-type-simple"},"acf":[],"_links":{"self":[{"href":"https:\/\/megacase.com\/fr\/wp-json\/wp\/v2\/product\/279634","targetHints":{"allow":["GET"]}}],"collection":[{"href":"https:\/\/megacase.com\/fr\/wp-json\/wp\/v2\/product"}],"about":[{"href":"https:\/\/megacase.com\/fr\/wp-json\/wp\/v2\/types\/product"}],"wp:featuredmedia":[{"embeddable":true,"href":"https:\/\/megacase.com\/fr\/wp-json\/wp\/v2\/media\/279595"}],"wp:attachment":[{"href":"https:\/\/megacase.com\/fr\/wp-json\/wp\/v2\/media?parent=279634"}],"wp:term":[{"taxonomy":"product_brand","embeddable":true,"href":"https:\/\/megacase.com\/fr\/wp-json\/wp\/v2\/product_brand?post=279634"},{"taxonomy":"product_cat","embeddable":true,"href":"https:\/\/megacase.com\/fr\/wp-json\/wp\/v2\/product_cat?post=279634"},{"taxonomy":"product_tag","embeddable":true,"href":"https:\/\/megacase.com\/fr\/wp-json\/wp\/v2\/product_tag?post=279634"}],"curies":[{"name":"wp","href":"https:\/\/api.w.org\/{rel}","templated":true}]}}