{"id":279549,"date":"2026-03-26T09:07:56","date_gmt":"2026-03-26T08:07:56","guid":{"rendered":"https:\/\/megacase.com\/?post_type=product&#038;p=279549"},"modified":"2026-03-27T11:39:49","modified_gmt":"2026-03-27T10:39:49","slug":"coffre-460-x-350-x-170-mm-l-x-p-x-h-multiflex-truck-size","status":"publish","type":"product","link":"https:\/\/megacase.com\/fr\/produit\/coffre-460-x-350-x-170-mm-l-x-p-x-h-multiflex-truck-size\/","title":{"rendered":"Coffre 460 x 350 x 170 mm L x P x H &#8211; Multiflex Truck Size"},"content":{"rendered":"<p>Coffre dynamique avec compartimentage variable jusqu&rsquo;\u00e0 4 compartiments,<br \/>\nconvient \u00e0 nos coffres Multiflex Truck Size (par exemple, 3652, 3751, 3753, 5144).<\/p>\n<p>Contreplaqu\u00e9 ph\u00e9nolique marron de 6,8 mm<br \/>\nCh\u00e2ssis aluminium 25\/25 mm<br \/>\n8 coins moyens en L<br \/>\n2 charni\u00e8res papillon moyennes<br \/>\n2 grandes charni\u00e8res verrouillables<br \/>\n1 poign\u00e9e rabattable moyenne<br \/>\n8 coins moyens plats<br \/>\n3 s\u00e9parateurs ph\u00e9nolique marron de 6,8 mm<br \/>\nRembourrage en mousse<\/p>\n<p>** Remarque : Les coffres d&rsquo;accessoires pr\u00e9sent\u00e9s sont \u00e0 titre indicatif uniquement et ne font pas partie de l&rsquo;offre.<\/p>\n<p>Fabriqu\u00e9 en Allemagne<br \/>\nDimensions ext\u00e9rieures L x P x H : environ 514 x 420 x 233 mm<br \/>\nPoids : environ 7,5 kg<\/p>\n","protected":false},"excerpt":{"rendered":"<p>Coffre dynamique avec compartimentage variable jusqu&rsquo;\u00e0 4 compartiments, convient \u00e0 nos coffres Multiflex Truck Size (par exemple, 3652, 3751, 3753,<\/p>\n","protected":false},"featured_media":279458,"template":"","meta":{"_acf_changed":false},"product_brand":[],"product_cat":[13691],"product_tag":[],"class_list":{"0":"post-279549","1":"product","2":"type-product","3":"status-publish","4":"has-post-thumbnail","6":"product_cat-koffer-cases-fr","8":"first","9":"instock","10":"taxable","11":"shipping-taxable","12":"purchasable","13":"product-type-simple"},"acf":[],"_links":{"self":[{"href":"https:\/\/megacase.com\/fr\/wp-json\/wp\/v2\/product\/279549","targetHints":{"allow":["GET"]}}],"collection":[{"href":"https:\/\/megacase.com\/fr\/wp-json\/wp\/v2\/product"}],"about":[{"href":"https:\/\/megacase.com\/fr\/wp-json\/wp\/v2\/types\/product"}],"wp:featuredmedia":[{"embeddable":true,"href":"https:\/\/megacase.com\/fr\/wp-json\/wp\/v2\/media\/279458"}],"wp:attachment":[{"href":"https:\/\/megacase.com\/fr\/wp-json\/wp\/v2\/media?parent=279549"}],"wp:term":[{"taxonomy":"product_brand","embeddable":true,"href":"https:\/\/megacase.com\/fr\/wp-json\/wp\/v2\/product_brand?post=279549"},{"taxonomy":"product_cat","embeddable":true,"href":"https:\/\/megacase.com\/fr\/wp-json\/wp\/v2\/product_cat?post=279549"},{"taxonomy":"product_tag","embeddable":true,"href":"https:\/\/megacase.com\/fr\/wp-json\/wp\/v2\/product_tag?post=279549"}],"curies":[{"name":"wp","href":"https:\/\/api.w.org\/{rel}","templated":true}]}}