{"id":279435,"date":"2026-03-26T09:07:56","date_gmt":"2026-03-26T08:07:56","guid":{"rendered":"https:\/\/megacase.com\/?post_type=product&#038;p=279435"},"modified":"2026-03-27T11:39:49","modified_gmt":"2026-03-27T10:39:49","slug":"coffre-professionnel-a-une-porte-pour-timbales-viennoises-avec-rampe","status":"publish","type":"product","link":"https:\/\/megacase.com\/fr\/produit\/coffre-professionnel-a-une-porte-pour-timbales-viennoises-avec-rampe\/","title":{"rendered":"Coffre professionnel \u00e0 une porte pour timbales viennoises avec rampe"},"content":{"rendered":"<p>offre professionnel \u00e0 une porte pour timbales viennoises avec rampe 80 x 82 x 95 cm (L x P x H)<br \/>\nPlanche \u00e0 roulettes s\u00e9par\u00e9e<br \/>\nCompartiment pour peau de rechange<br \/>\nCharni\u00e8re de porte \u00e0 droite<\/p>\n<p>Contreplaqu\u00e9 ph\u00e9nolique brun de 9 mm<br \/>\nCh\u00e2ssis en aluminium 30\/30<br \/>\n4 grands coins en L<br \/>\n2 charni\u00e8res en L moyennes<br \/>\n6 poign\u00e9es pliantes moyennes<br \/>\n2 charni\u00e8res papillon moyennes<br \/>\n6 charni\u00e8res \u00e0 6 trous<br \/>\n8 grands coins \u00e0 boule<br \/>\n5 roulettes pivotantes de 100 mm, dont 3 avec frein<br \/>\n4 roulettes pivotantes de 80 mm pour planche \u00e0 roulettes<br \/>\nRembourrage en mousse<\/p>\n<p>Fabriqu\u00e9 en Allemagne<br \/>\nDimensions ext\u00e9rieures (L x P x H) : environ 1050 x 800 x 1300 mm<br \/>\nPoids : environ 92,5 kg<\/p>\n","protected":false},"excerpt":{"rendered":"<p>offre professionnel \u00e0 une porte pour timbales viennoises avec rampe 80 x 82 x 95 cm (L x P x<\/p>\n","protected":false},"featured_media":279412,"template":"","meta":{"_acf_changed":false},"product_brand":[],"product_cat":[15043],"product_tag":[],"class_list":{"0":"post-279435","1":"product","2":"type-product","3":"status-publish","4":"has-post-thumbnail","6":"product_cat-uncategorized-de","8":"first","9":"instock","10":"taxable","11":"shipping-taxable","12":"purchasable","13":"product-type-simple"},"acf":[],"_links":{"self":[{"href":"https:\/\/megacase.com\/fr\/wp-json\/wp\/v2\/product\/279435","targetHints":{"allow":["GET"]}}],"collection":[{"href":"https:\/\/megacase.com\/fr\/wp-json\/wp\/v2\/product"}],"about":[{"href":"https:\/\/megacase.com\/fr\/wp-json\/wp\/v2\/types\/product"}],"wp:featuredmedia":[{"embeddable":true,"href":"https:\/\/megacase.com\/fr\/wp-json\/wp\/v2\/media\/279412"}],"wp:attachment":[{"href":"https:\/\/megacase.com\/fr\/wp-json\/wp\/v2\/media?parent=279435"}],"wp:term":[{"taxonomy":"product_brand","embeddable":true,"href":"https:\/\/megacase.com\/fr\/wp-json\/wp\/v2\/product_brand?post=279435"},{"taxonomy":"product_cat","embeddable":true,"href":"https:\/\/megacase.com\/fr\/wp-json\/wp\/v2\/product_cat?post=279435"},{"taxonomy":"product_tag","embeddable":true,"href":"https:\/\/megacase.com\/fr\/wp-json\/wp\/v2\/product_tag?post=279435"}],"curies":[{"name":"wp","href":"https:\/\/api.w.org\/{rel}","templated":true}]}}