{"id":279389,"date":"2026-03-26T09:07:56","date_gmt":"2026-03-26T08:07:56","guid":{"rendered":"https:\/\/megacase.com\/?post_type=product&#038;p=279389"},"modified":"2026-03-27T11:39:49","modified_gmt":"2026-03-27T10:39:49","slug":"etui-pour-synthetiseur-akai-professional-mpc-key-37","status":"publish","type":"product","link":"https:\/\/megacase.com\/fr\/produit\/etui-pour-synthetiseur-akai-professional-mpc-key-37\/","title":{"rendered":"\u00c9tui pour synth\u00e9tiseur Akai Professional MPC Key 37"},"content":{"rendered":"<p>\u00c9tui avec capot pour synth\u00e9tiseur Akai Professional MPC Key 37.<br \/>\nLe synth\u00e9tiseur est utilisable par le dessous.<\/p>\n<p>Contreplaqu\u00e9 ph\u00e9nolique marron de 6,8 mm<br \/>\nBordure en aluminium 30\/30 mm<br \/>\n4 coins moyens en L<br \/>\n4 coins moyens papillon<br \/>\n1 poign\u00e9e en cuir<br \/>\n4 coins moyens boule<br \/>\n4 coins moyens boule avec coins en L<br \/>\nRembourrage en mousse<\/p>\n<p>** Remarque : Les appareils pr\u00e9sent\u00e9s sont \u00e0 titre indicatif uniquement et ne sont pas inclus dans cette offre.<\/p>\n<p>Fabriqu\u00e9 en Allemagne.<br \/>\nDimensions ext\u00e9rieures L x P x H : 645 x 415 x 190 mm<br \/>\nPoids : 6,5 kg<\/p>\n","protected":false},"excerpt":{"rendered":"<p>\u00c9tui avec capot pour synth\u00e9tiseur Akai Professional MPC Key 37. Le synth\u00e9tiseur est utilisable par le dessous. Contreplaqu\u00e9 ph\u00e9nolique marron<\/p>\n","protected":false},"featured_media":279366,"template":"","meta":{"_acf_changed":false},"product_brand":[],"product_cat":[16336],"product_tag":[],"class_list":{"0":"post-279389","1":"product","2":"type-product","3":"status-publish","4":"has-post-thumbnail","6":"product_cat-uncategorized-fr","8":"first","9":"instock","10":"taxable","11":"shipping-taxable","12":"purchasable","13":"product-type-simple"},"acf":[],"_links":{"self":[{"href":"https:\/\/megacase.com\/fr\/wp-json\/wp\/v2\/product\/279389","targetHints":{"allow":["GET"]}}],"collection":[{"href":"https:\/\/megacase.com\/fr\/wp-json\/wp\/v2\/product"}],"about":[{"href":"https:\/\/megacase.com\/fr\/wp-json\/wp\/v2\/types\/product"}],"wp:featuredmedia":[{"embeddable":true,"href":"https:\/\/megacase.com\/fr\/wp-json\/wp\/v2\/media\/279366"}],"wp:attachment":[{"href":"https:\/\/megacase.com\/fr\/wp-json\/wp\/v2\/media?parent=279389"}],"wp:term":[{"taxonomy":"product_brand","embeddable":true,"href":"https:\/\/megacase.com\/fr\/wp-json\/wp\/v2\/product_brand?post=279389"},{"taxonomy":"product_cat","embeddable":true,"href":"https:\/\/megacase.com\/fr\/wp-json\/wp\/v2\/product_cat?post=279389"},{"taxonomy":"product_tag","embeddable":true,"href":"https:\/\/megacase.com\/fr\/wp-json\/wp\/v2\/product_tag?post=279389"}],"curies":[{"name":"wp","href":"https:\/\/api.w.org\/{rel}","templated":true}]}}