{"id":279345,"date":"2026-03-26T09:07:56","date_gmt":"2026-03-26T08:07:56","guid":{"rendered":"https:\/\/megacase.com\/?post_type=product&#038;p=279345"},"modified":"2026-03-27T11:39:49","modified_gmt":"2026-03-27T10:39:49","slug":"coffret-robuste-martin-mac-one-sip-lot-de-4","status":"publish","type":"product","link":"https:\/\/megacase.com\/fr\/produit\/coffret-robuste-martin-mac-one-sip-lot-de-4\/","title":{"rendered":"Coffret robuste Martin Mac One Sip, lot de 4"},"content":{"rendered":"<p>Coffret robuste pouvant contenir 2 compartiments Sip et 4 compartiments Martin Mac One.<br \/>\nDimensions du coffre : 60 x 60 cm.<br \/>\nCompartiment central pour accessoires, porte-\u00e9tiquettes, logements de roues empilables et roulettes pivotantes.<\/p>\n<p>Multiplex noir 9 mm RAL 9004<br \/>\nCh\u00e2ssis aluminium 35 x 35 mm<br \/>\n4 grands coins en L<br \/>\n2 grandes charni\u00e8res papillon<br \/>\n1 grand support de couvercle avec syst\u00e8me d&rsquo;arr\u00eat \u00e0 clic<br \/>\n2 charni\u00e8res robustes en L<br \/>\n4 grandes poign\u00e9es rabattables<br \/>\n1 porte-\u00e9tiquettes<br \/>\n8 grands coins arrondis \u00e0 boule<br \/>\n4 logements de roues int\u00e9gr\u00e9s<br \/>\n4 roulettes pivotantes de 100 mm, dont 2 avec frein<\/p>\n<p>Fabriqu\u00e9 en Allemagne<br \/>\nDimensions ext\u00e9rieures L x P x H : 625 x 625 x 684 mm<br \/>\nPoids : 37 kg<\/p>\n","protected":false},"excerpt":{"rendered":"<p>Coffret robuste pouvant contenir 2 compartiments Sip et 4 compartiments Martin Mac One. Dimensions du coffre : 60 x 60<\/p>\n","protected":false},"featured_media":279302,"template":"","meta":{"_acf_changed":false},"product_brand":[],"product_cat":[16329],"product_tag":[],"class_list":{"0":"post-279345","1":"product","2":"type-product","3":"status-publish","4":"has-post-thumbnail","6":"product_cat-cases-fuer-lichtequipment-fr","8":"first","9":"instock","10":"taxable","11":"shipping-taxable","12":"purchasable","13":"product-type-simple"},"acf":[],"_links":{"self":[{"href":"https:\/\/megacase.com\/fr\/wp-json\/wp\/v2\/product\/279345","targetHints":{"allow":["GET"]}}],"collection":[{"href":"https:\/\/megacase.com\/fr\/wp-json\/wp\/v2\/product"}],"about":[{"href":"https:\/\/megacase.com\/fr\/wp-json\/wp\/v2\/types\/product"}],"wp:featuredmedia":[{"embeddable":true,"href":"https:\/\/megacase.com\/fr\/wp-json\/wp\/v2\/media\/279302"}],"wp:attachment":[{"href":"https:\/\/megacase.com\/fr\/wp-json\/wp\/v2\/media?parent=279345"}],"wp:term":[{"taxonomy":"product_brand","embeddable":true,"href":"https:\/\/megacase.com\/fr\/wp-json\/wp\/v2\/product_brand?post=279345"},{"taxonomy":"product_cat","embeddable":true,"href":"https:\/\/megacase.com\/fr\/wp-json\/wp\/v2\/product_cat?post=279345"},{"taxonomy":"product_tag","embeddable":true,"href":"https:\/\/megacase.com\/fr\/wp-json\/wp\/v2\/product_tag?post=279345"}],"curies":[{"name":"wp","href":"https:\/\/api.w.org\/{rel}","templated":true}]}}