{"id":279294,"date":"2026-03-26T09:07:57","date_gmt":"2026-03-26T08:07:57","guid":{"rendered":"https:\/\/megacase.com\/?post_type=product&#038;p=279294"},"modified":"2026-03-27T11:39:49","modified_gmt":"2026-03-27T10:39:49","slug":"coffret-robuste-a-trois-portes-stairville-bsw-350-led-4en1","status":"publish","type":"product","link":"https:\/\/megacase.com\/fr\/produit\/coffret-robuste-a-trois-portes-stairville-bsw-350-led-4en1\/","title":{"rendered":"Coffret robuste \u00e0 trois portes Stairville BSW-350 LED 4en1"},"content":{"rendered":"<p>Coffret robuste \u00e0 trois portes pour 4 lyres asservies hybrides Stairville BSW-350 LED.<\/p>\n<p>Un compartiment central pour accessoires de 15 cm, des poign\u00e9es lat\u00e9rales pour une manipulation ais\u00e9e et des roulettes pivotantes.<\/p>\n<p>Multiplex ph\u00e9nolique marron de 9 mm<br \/>\nC\u00f4t\u00e9 aluminium 35\/35 mm<br \/>\nProfil\u00e9 de verrouillage m\u00e2le\/femelle de 9 mm<br \/>\n16 grands coins en L coud\u00e9s<br \/>\n12 grandes poign\u00e9es papillon<br \/>\n8 grandes poign\u00e9es rabattables<br \/>\n8 poign\u00e9es lat\u00e9rales<br \/>\n8 grands coins sph\u00e9riques coud\u00e9s<br \/>\n4 roulettes pivotantes de 100 mm, dont 2 avec frein<br \/>\nRembourrage en mousse<\/p>\n<p>** Remarque : Les appareils pr\u00e9sent\u00e9s sont \u00e0 titre indicatif uniquement et ne sont pas inclus dans l\u2019offre.<\/p>\n<p>Fabriqu\u00e9 en Allemagne<br \/>\nDimensions ext\u00e9rieures (L x P x H) : environ 825 x 1015 x 975 mm<br \/>\nPoids : environ 97 kg<\/p>\n","protected":false},"excerpt":{"rendered":"<p>Coffret robuste \u00e0 trois portes pour 4 lyres asservies hybrides Stairville BSW-350 LED. Un compartiment central pour accessoires de 15<\/p>\n","protected":false},"featured_media":279199,"template":"","meta":{"_acf_changed":false},"product_brand":[],"product_cat":[16329],"product_tag":[],"class_list":{"0":"post-279294","1":"product","2":"type-product","3":"status-publish","4":"has-post-thumbnail","6":"product_cat-cases-fuer-lichtequipment-fr","8":"first","9":"instock","10":"taxable","11":"shipping-taxable","12":"purchasable","13":"product-type-simple"},"acf":[],"_links":{"self":[{"href":"https:\/\/megacase.com\/fr\/wp-json\/wp\/v2\/product\/279294","targetHints":{"allow":["GET"]}}],"collection":[{"href":"https:\/\/megacase.com\/fr\/wp-json\/wp\/v2\/product"}],"about":[{"href":"https:\/\/megacase.com\/fr\/wp-json\/wp\/v2\/types\/product"}],"wp:featuredmedia":[{"embeddable":true,"href":"https:\/\/megacase.com\/fr\/wp-json\/wp\/v2\/media\/279199"}],"wp:attachment":[{"href":"https:\/\/megacase.com\/fr\/wp-json\/wp\/v2\/media?parent=279294"}],"wp:term":[{"taxonomy":"product_brand","embeddable":true,"href":"https:\/\/megacase.com\/fr\/wp-json\/wp\/v2\/product_brand?post=279294"},{"taxonomy":"product_cat","embeddable":true,"href":"https:\/\/megacase.com\/fr\/wp-json\/wp\/v2\/product_cat?post=279294"},{"taxonomy":"product_tag","embeddable":true,"href":"https:\/\/megacase.com\/fr\/wp-json\/wp\/v2\/product_tag?post=279294"}],"curies":[{"name":"wp","href":"https:\/\/api.w.org\/{rel}","templated":true}]}}