{"id":279194,"date":"2026-03-26T09:07:57","date_gmt":"2026-03-26T08:07:57","guid":{"rendered":"https:\/\/megacase.com\/?post_type=product&#038;p=279194"},"modified":"2026-03-27T11:39:48","modified_gmt":"2026-03-27T10:39:48","slug":"coffre-avec-2-roulettes-stairville-scansphere-300","status":"publish","type":"product","link":"https:\/\/megacase.com\/fr\/produit\/coffre-avec-2-roulettes-stairville-scansphere-300\/","title":{"rendered":"Coffre avec 2 roulettes Stairville ScanSphere 300"},"content":{"rendered":"<p>Coffre adapt\u00e9 \u00e0 2 Stairville ScanSphere 300<br \/>\navec support tr\u00e9pied.<br \/>\nUn compartiment de 15 cm \u00e0 droite pour les accessoires et les roulettes.<\/p>\n<p>Multiplex ph\u00e9nolique marron de 6,8 mm<br \/>\nCh\u00e2ssis en aluminium 30 x 30 mm<br \/>\n4 coins moyens en L<br \/>\n2 charni\u00e8res papillon moyennes<br \/>\n4 grandes charni\u00e8res verrouillables<br \/>\n4 poign\u00e9es pliantes moyennes<br \/>\n8 coins \u00e0 billes en acier moyennes<br \/>\n4 roulettes pivotantes de 100 mm, dont 2 avec frein<br \/>\nRembourrage en mousse<\/p>\n<p>Fabriqu\u00e9 en Allemagne<br \/>\nDimensions ext\u00e9rieures L x P x H : 1 430 x 520 x 497 mm<br \/>\nPoids : 33,3 kg<\/p>\n","protected":false},"excerpt":{"rendered":"<p>Coffre adapt\u00e9 \u00e0 2 Stairville ScanSphere 300 avec support tr\u00e9pied. Un compartiment de 15 cm \u00e0 droite pour les accessoires<\/p>\n","protected":false},"featured_media":279171,"template":"","meta":{"_acf_changed":false},"product_brand":[],"product_cat":[16329],"product_tag":[],"class_list":{"0":"post-279194","1":"product","2":"type-product","3":"status-publish","4":"has-post-thumbnail","6":"product_cat-cases-fuer-lichtequipment-fr","8":"first","9":"instock","10":"taxable","11":"shipping-taxable","12":"purchasable","13":"product-type-simple"},"acf":[],"_links":{"self":[{"href":"https:\/\/megacase.com\/fr\/wp-json\/wp\/v2\/product\/279194","targetHints":{"allow":["GET"]}}],"collection":[{"href":"https:\/\/megacase.com\/fr\/wp-json\/wp\/v2\/product"}],"about":[{"href":"https:\/\/megacase.com\/fr\/wp-json\/wp\/v2\/types\/product"}],"wp:featuredmedia":[{"embeddable":true,"href":"https:\/\/megacase.com\/fr\/wp-json\/wp\/v2\/media\/279171"}],"wp:attachment":[{"href":"https:\/\/megacase.com\/fr\/wp-json\/wp\/v2\/media?parent=279194"}],"wp:term":[{"taxonomy":"product_brand","embeddable":true,"href":"https:\/\/megacase.com\/fr\/wp-json\/wp\/v2\/product_brand?post=279194"},{"taxonomy":"product_cat","embeddable":true,"href":"https:\/\/megacase.com\/fr\/wp-json\/wp\/v2\/product_cat?post=279194"},{"taxonomy":"product_tag","embeddable":true,"href":"https:\/\/megacase.com\/fr\/wp-json\/wp\/v2\/product_tag?post=279194"}],"curies":[{"name":"wp","href":"https:\/\/api.w.org\/{rel}","templated":true}]}}