{"id":279104,"date":"2026-03-26T09:07:57","date_gmt":"2026-03-26T08:07:57","guid":{"rendered":"https:\/\/megacase.com\/?post_type=product&#038;p=279104"},"modified":"2026-03-27T11:39:48","modified_gmt":"2026-03-27T10:39:48","slug":"etui-special-pour-clavier-korg-pa-5x-76-touches-pvc","status":"publish","type":"product","link":"https:\/\/megacase.com\/fr\/produit\/etui-special-pour-clavier-korg-pa-5x-76-touches-pvc\/","title":{"rendered":"\u00c9tui sp\u00e9cial pour clavier Korg PA-5X 76 touches, PVC"},"content":{"rendered":"<p>\u00c9tui sp\u00e9cial pour clavier Korg PA-5X 76 touches, PVC<\/p>\n<p>Plastique alv\u00e9ol\u00e9 noir 7 mm<br \/>\nBordure en aluminium 30\/30 mm<br \/>\n4 coins moyens en L<br \/>\n2 charni\u00e8res papillon moyennes<br \/>\n3 grandes charni\u00e8res de verrouillage<br \/>\n1 fermoir \u00e0 pression avec \u0153illet<br \/>\n2 poign\u00e9es pliantes moyennes<br \/>\n1 poign\u00e9e en cuir<br \/>\n4 coins boule moyens<br \/>\n4 coins boule moyens avec coins en L<br \/>\nRembourrage en mousse<\/p>\n<p>Fabriqu\u00e9 en Allemagne<br \/>\nDimensions ext\u00e9rieures L x P x H : 1293 x 478 x 190 mm<br \/>\nPoids : 9,6 kg<\/p>\n","protected":false},"excerpt":{"rendered":"<p>\u00c9tui sp\u00e9cial pour clavier Korg PA-5X 76 touches, PVC Plastique alv\u00e9ol\u00e9 noir 7 mm Bordure en aluminium 30\/30 mm 4<\/p>\n","protected":false},"featured_media":279077,"template":"","meta":{"_acf_changed":false},"product_brand":[],"product_cat":[13787],"product_tag":[],"class_list":{"0":"post-279104","1":"product","2":"type-product","3":"status-publish","4":"has-post-thumbnail","6":"product_cat-keyboard-cases-fr","8":"first","9":"instock","10":"taxable","11":"shipping-taxable","12":"purchasable","13":"product-type-simple"},"acf":[],"_links":{"self":[{"href":"https:\/\/megacase.com\/fr\/wp-json\/wp\/v2\/product\/279104","targetHints":{"allow":["GET"]}}],"collection":[{"href":"https:\/\/megacase.com\/fr\/wp-json\/wp\/v2\/product"}],"about":[{"href":"https:\/\/megacase.com\/fr\/wp-json\/wp\/v2\/types\/product"}],"wp:featuredmedia":[{"embeddable":true,"href":"https:\/\/megacase.com\/fr\/wp-json\/wp\/v2\/media\/279077"}],"wp:attachment":[{"href":"https:\/\/megacase.com\/fr\/wp-json\/wp\/v2\/media?parent=279104"}],"wp:term":[{"taxonomy":"product_brand","embeddable":true,"href":"https:\/\/megacase.com\/fr\/wp-json\/wp\/v2\/product_brand?post=279104"},{"taxonomy":"product_cat","embeddable":true,"href":"https:\/\/megacase.com\/fr\/wp-json\/wp\/v2\/product_cat?post=279104"},{"taxonomy":"product_tag","embeddable":true,"href":"https:\/\/megacase.com\/fr\/wp-json\/wp\/v2\/product_tag?post=279104"}],"curies":[{"name":"wp","href":"https:\/\/api.w.org\/{rel}","templated":true}]}}