{"id":278908,"date":"2026-03-26T09:07:58","date_gmt":"2026-03-26T08:07:58","guid":{"rendered":"https:\/\/megacase.com\/?post_type=product&#038;p=278908"},"modified":"2026-03-27T11:39:47","modified_gmt":"2026-03-27T10:39:47","slug":"valise-a-roulettes-pour-controleur-pioneer-flx-10-rackspace-2u-noir","status":"publish","type":"product","link":"https:\/\/megacase.com\/fr\/produit\/valise-a-roulettes-pour-controleur-pioneer-flx-10-rackspace-2u-noir\/","title":{"rendered":"Valise \u00e0 roulettes pour contr\u00f4leur Pioneer FLX 10 + Rackspace 2U &#8211; Noir"},"content":{"rendered":"<p>Bo\u00eetier de contr\u00f4leur inclin\u00e9 avec roulettes d&rsquo;angle et fonction trolley<br \/>\nConvient pour un Pioneer DDJ-FLX 10 avec un espace rack 2U.<br \/>\nCompartiment de 23,5 cm de large pour les accessoires, \u00e0 c\u00f4t\u00e9 de l&rsquo;espace rack, avec acc\u00e8s aux c\u00e2bles.<br \/>\nConduit de c\u00e2bles de 9 cm de profondeur derri\u00e8re le contr\u00f4leur.<\/p>\n<p>Multiplex 6,8 mm noir RAL 9004<br \/>\nBords aluminium 22\/22 noirs<br \/>\n5 petits coins en L 22-25 mm noirs<br \/>\n6 coins en L moyens noirs<br \/>\n6 mini poign\u00e9es papillon noires<br \/>\n3 poign\u00e9es pliantes moyennes noires<br \/>\n6 petits coins boule noirs<br \/>\n2 roulettes d&rsquo;angle 48 mm, roue grise<br \/>\n6 pieds en caoutchouc<br \/>\nRembourrage en mousse<\/p>\n<p>Fabriqu\u00e9 en Allemagne<br \/>\nDimensions ext\u00e9rieures (L x P x H) : environ 805 x 586 x 290 mm<br \/>\nPoids : environ 16 kg<\/p>\n","protected":false},"excerpt":{"rendered":"<p>Bo\u00eetier de contr\u00f4leur inclin\u00e9 avec roulettes d&rsquo;angle et fonction trolley Convient pour un Pioneer DDJ-FLX 10 avec un espace rack<\/p>\n","protected":false},"featured_media":278837,"template":"","meta":{"_acf_changed":false},"product_brand":[],"product_cat":[13730],"product_tag":[],"class_list":{"0":"post-278908","1":"product","2":"type-product","3":"status-publish","4":"has-post-thumbnail","6":"product_cat-dj-cases-fr","8":"first","9":"instock","10":"taxable","11":"shipping-taxable","12":"purchasable","13":"product-type-simple"},"acf":[],"_links":{"self":[{"href":"https:\/\/megacase.com\/fr\/wp-json\/wp\/v2\/product\/278908","targetHints":{"allow":["GET"]}}],"collection":[{"href":"https:\/\/megacase.com\/fr\/wp-json\/wp\/v2\/product"}],"about":[{"href":"https:\/\/megacase.com\/fr\/wp-json\/wp\/v2\/types\/product"}],"wp:featuredmedia":[{"embeddable":true,"href":"https:\/\/megacase.com\/fr\/wp-json\/wp\/v2\/media\/278837"}],"wp:attachment":[{"href":"https:\/\/megacase.com\/fr\/wp-json\/wp\/v2\/media?parent=278908"}],"wp:term":[{"taxonomy":"product_brand","embeddable":true,"href":"https:\/\/megacase.com\/fr\/wp-json\/wp\/v2\/product_brand?post=278908"},{"taxonomy":"product_cat","embeddable":true,"href":"https:\/\/megacase.com\/fr\/wp-json\/wp\/v2\/product_cat?post=278908"},{"taxonomy":"product_tag","embeddable":true,"href":"https:\/\/megacase.com\/fr\/wp-json\/wp\/v2\/product_tag?post=278908"}],"curies":[{"name":"wp","href":"https:\/\/api.w.org\/{rel}","templated":true}]}}