{"id":278832,"date":"2026-03-26T09:07:59","date_gmt":"2026-03-26T08:07:59","guid":{"rendered":"https:\/\/megacase.com\/?post_type=product&#038;p=278832"},"modified":"2026-03-27T11:39:47","modified_gmt":"2026-03-27T10:39:47","slug":"coffret-daccessoires-pour-2-x-6-bacs-euronorm-e2","status":"publish","type":"product","link":"https:\/\/megacase.com\/fr\/produit\/coffret-daccessoires-pour-2-x-6-bacs-euronorm-e2\/","title":{"rendered":"Coffret d&rsquo;accessoires pour 2 x 6 bacs Euronorm E2"},"content":{"rendered":"<p>Id\u00e9al pour trier les petites pi\u00e8ces, c\u00e2bles, outils, etc.<br \/>\nLes 12 bacs empilables en plastique Euronorm E2 (couleur : rouge) sont divisibles gr\u00e2ce \u00e0 un kit de s\u00e9paration (voir 328318).<\/p>\n<p>Contreplaqu\u00e9 ph\u00e9nolique marron de 9 mm<br \/>\nBordure en aluminium de 30 x 30 mm<br \/>\n8 grands coins en L<br \/>\n3 charni\u00e8res papillon moyennes avec \u0153illet<br \/>\n8 poign\u00e9es rabattables moyennes<br \/>\n5 charni\u00e8res \u00e0 6 trous<br \/>\n8 grands coins sph\u00e9riques<br \/>\n8 roulettes pivotantes de 100 mm, dont 4 avec frein<br \/>\n12 bacs empilables Euronorm E2 (L x P x H) 565 x 365 x 195 mm<br \/>\n\u00c9galement disponible en d&rsquo;autres versions (par exemple, 2 x 3 ou 2 x 4 bacs)<br \/>\n\u00c9querres de support en aluminium<\/p>\n<p>Fabriqu\u00e9 en Allemagne<br \/>\nDimensions ext\u00e9rieures : environ L x P x H : 850 x 660 x 1470 mm<br \/>\nPoids : environ 79,6 kg<\/p>\n","protected":false},"excerpt":{"rendered":"<p>Id\u00e9al pour trier les petites pi\u00e8ces, c\u00e2bles, outils, etc. Les 12 bacs empilables en plastique Euronorm E2 (couleur : rouge)<\/p>\n","protected":false},"featured_media":278793,"template":"","meta":{"_acf_changed":false},"product_brand":[],"product_cat":[13818],"product_tag":[],"class_list":{"0":"post-278832","1":"product","2":"type-product","3":"status-publish","4":"has-post-thumbnail","6":"product_cat-case-zubehoer-fr","8":"first","9":"instock","10":"taxable","11":"shipping-taxable","12":"purchasable","13":"product-type-simple"},"acf":[],"_links":{"self":[{"href":"https:\/\/megacase.com\/fr\/wp-json\/wp\/v2\/product\/278832","targetHints":{"allow":["GET"]}}],"collection":[{"href":"https:\/\/megacase.com\/fr\/wp-json\/wp\/v2\/product"}],"about":[{"href":"https:\/\/megacase.com\/fr\/wp-json\/wp\/v2\/types\/product"}],"wp:featuredmedia":[{"embeddable":true,"href":"https:\/\/megacase.com\/fr\/wp-json\/wp\/v2\/media\/278793"}],"wp:attachment":[{"href":"https:\/\/megacase.com\/fr\/wp-json\/wp\/v2\/media?parent=278832"}],"wp:term":[{"taxonomy":"product_brand","embeddable":true,"href":"https:\/\/megacase.com\/fr\/wp-json\/wp\/v2\/product_brand?post=278832"},{"taxonomy":"product_cat","embeddable":true,"href":"https:\/\/megacase.com\/fr\/wp-json\/wp\/v2\/product_cat?post=278832"},{"taxonomy":"product_tag","embeddable":true,"href":"https:\/\/megacase.com\/fr\/wp-json\/wp\/v2\/product_tag?post=278832"}],"curies":[{"name":"wp","href":"https:\/\/api.w.org\/{rel}","templated":true}]}}