{"id":278775,"date":"2026-03-26T09:07:59","date_gmt":"2026-03-26T08:07:59","guid":{"rendered":"https:\/\/megacase.com\/?post_type=product&#038;p=278775"},"modified":"2026-03-27T11:39:47","modified_gmt":"2026-03-27T10:39:47","slug":"housse-de-protection-divisee-imprimante-multifonction-hp-color-laserjet-e87650du","status":"publish","type":"product","link":"https:\/\/megacase.com\/fr\/produit\/housse-de-protection-divisee-imprimante-multifonction-hp-color-laserjet-e87650du\/","title":{"rendered":"Housse de protection divis\u00e9e imprimante multifonction HP Color LaserJet E87650DU"},"content":{"rendered":"<p>Housse de protection professionnelle divis\u00e9e sur roulettes pour imprimante multifonction LaserJet Managed E87650du.<br \/>\nL&rsquo;appareil est utilisable par le dessous.<\/p>\n<p>Multiplex 9 mm, rev\u00eatement couleur<br \/>\n&#8211; Couleur au choix dans notre nuancier<br \/>\nBordure aluminium 30\/30 mm<br \/>\n12 grands coins en L<br \/>\n10 poign\u00e9es papillon moyennes<br \/>\n8 poign\u00e9es pliantes moyennes<br \/>\n8 grands coins sph\u00e9riques<br \/>\n4 roulettes pivotantes de 100 mm, dont 2 avec frein<br \/>\nRembourrage en mousse<\/p>\n<p>**Remarque : Les appareils pr\u00e9sent\u00e9s sont \u00e0 titre indicatif uniquement et ne sont pas inclus dans cette offre.<\/p>\n<p>Fabriqu\u00e9 en Allemagne<br \/>\nDimensions ext\u00e9rieures (L x P x H) : environ 675 x 870 x 1 332 mm<br \/>\nPoids : environ 48 kg<\/p>\n","protected":false},"excerpt":{"rendered":"<p>Housse de protection professionnelle divis\u00e9e sur roulettes pour imprimante multifonction LaserJet Managed E87650du. L&rsquo;appareil est utilisable par le dessous. Multiplex<\/p>\n","protected":false},"featured_media":278732,"template":"","meta":{"_acf_changed":false},"product_brand":[],"product_cat":[13808],"product_tag":[],"class_list":{"0":"post-278775","1":"product","2":"type-product","3":"status-publish","4":"has-post-thumbnail","6":"product_cat-it-cases-fr","8":"first","9":"instock","10":"taxable","11":"shipping-taxable","12":"purchasable","13":"product-type-simple"},"acf":[],"_links":{"self":[{"href":"https:\/\/megacase.com\/fr\/wp-json\/wp\/v2\/product\/278775","targetHints":{"allow":["GET"]}}],"collection":[{"href":"https:\/\/megacase.com\/fr\/wp-json\/wp\/v2\/product"}],"about":[{"href":"https:\/\/megacase.com\/fr\/wp-json\/wp\/v2\/types\/product"}],"wp:featuredmedia":[{"embeddable":true,"href":"https:\/\/megacase.com\/fr\/wp-json\/wp\/v2\/media\/278732"}],"wp:attachment":[{"href":"https:\/\/megacase.com\/fr\/wp-json\/wp\/v2\/media?parent=278775"}],"wp:term":[{"taxonomy":"product_brand","embeddable":true,"href":"https:\/\/megacase.com\/fr\/wp-json\/wp\/v2\/product_brand?post=278775"},{"taxonomy":"product_cat","embeddable":true,"href":"https:\/\/megacase.com\/fr\/wp-json\/wp\/v2\/product_cat?post=278775"},{"taxonomy":"product_tag","embeddable":true,"href":"https:\/\/megacase.com\/fr\/wp-json\/wp\/v2\/product_tag?post=278775"}],"curies":[{"name":"wp","href":"https:\/\/api.w.org\/{rel}","templated":true}]}}