{"id":278529,"date":"2026-03-26T09:07:59","date_gmt":"2026-03-26T08:07:59","guid":{"rendered":"https:\/\/megacase.com\/?post_type=product&#038;p=278529"},"modified":"2026-03-27T11:39:46","modified_gmt":"2026-03-27T10:39:46","slug":"etui-pour-korg-kronos-88-modele-2015-avec-roulettes-dangle","status":"publish","type":"product","link":"https:\/\/megacase.com\/fr\/produit\/etui-pour-korg-kronos-88-modele-2015-avec-roulettes-dangle\/","title":{"rendered":"\u00c9tui pour Korg Kronos 88 mod\u00e8le 2015 avec roulettes d&rsquo;angle"},"content":{"rendered":"<p>\u00c9tui pour Korg Kronos 88 mod\u00e8le 2015 avec roulettes d&rsquo;angle<br \/>\nLe clavier est directement accessible depuis le dessous de l&rsquo;\u00e9tui.<\/p>\n<p>Les connexions sont facilement accessibles.<\/p>\n<p>Les roulettes d&rsquo;angle permettent d&rsquo;utiliser l&rsquo;\u00e9tui comme un trolley.<\/p>\n<p>Plastique alv\u00e9ol\u00e9 noir de 7 mm<br \/>\nBordure en aluminium 30\/30 mm<br \/>\n4 coins moyens en L<br \/>\n5 fermetures papillon moyennes<br \/>\n4 poign\u00e9es pliantes moyennes<br \/>\n1 poign\u00e9e en cuir<br \/>\n6 coins \u00e0 billes en acier galvanis\u00e9<br \/>\n2 roulettes d&rsquo;angle de 48 mm (en bas \u00e0 droite)<br \/>\n6 pieds en caoutchouc<br \/>\nRembourrage en mousse<\/p>\n<p>** Remarque : Les appareils et instruments pr\u00e9sent\u00e9s sont \u00e0 titre indicatif uniquement et ne sont pas inclus dans l&rsquo;offre.<\/p>\n<p>Fabriqu\u00e9 en Allemagne<br \/>\nDimensions ext\u00e9rieures : 1545 x 480 x 265 mm<br \/>\nPoids : 16 kg<\/p>\n","protected":false},"excerpt":{"rendered":"<p>\u00c9tui pour Korg Kronos 88 mod\u00e8le 2015 avec roulettes d&rsquo;angle Le clavier est directement accessible depuis le dessous de l&rsquo;\u00e9tui.<\/p>\n","protected":false},"featured_media":278454,"template":"","meta":{"_acf_changed":false},"product_brand":[],"product_cat":[13787],"product_tag":[],"class_list":{"0":"post-278529","1":"product","2":"type-product","3":"status-publish","4":"has-post-thumbnail","6":"product_cat-keyboard-cases-fr","8":"first","9":"instock","10":"taxable","11":"shipping-taxable","12":"purchasable","13":"product-type-simple"},"acf":[],"_links":{"self":[{"href":"https:\/\/megacase.com\/fr\/wp-json\/wp\/v2\/product\/278529","targetHints":{"allow":["GET"]}}],"collection":[{"href":"https:\/\/megacase.com\/fr\/wp-json\/wp\/v2\/product"}],"about":[{"href":"https:\/\/megacase.com\/fr\/wp-json\/wp\/v2\/types\/product"}],"wp:featuredmedia":[{"embeddable":true,"href":"https:\/\/megacase.com\/fr\/wp-json\/wp\/v2\/media\/278454"}],"wp:attachment":[{"href":"https:\/\/megacase.com\/fr\/wp-json\/wp\/v2\/media?parent=278529"}],"wp:term":[{"taxonomy":"product_brand","embeddable":true,"href":"https:\/\/megacase.com\/fr\/wp-json\/wp\/v2\/product_brand?post=278529"},{"taxonomy":"product_cat","embeddable":true,"href":"https:\/\/megacase.com\/fr\/wp-json\/wp\/v2\/product_cat?post=278529"},{"taxonomy":"product_tag","embeddable":true,"href":"https:\/\/megacase.com\/fr\/wp-json\/wp\/v2\/product_tag?post=278529"}],"curies":[{"name":"wp","href":"https:\/\/api.w.org\/{rel}","templated":true}]}}