{"id":278448,"date":"2026-03-26T09:08:00","date_gmt":"2026-03-26T08:08:00","guid":{"rendered":"https:\/\/megacase.com\/?post_type=product&#038;p=278448"},"modified":"2026-03-27T11:39:46","modified_gmt":"2026-03-27T10:39:46","slug":"valise-a-roulettes-pour-gong-symphonique-38","status":"publish","type":"product","link":"https:\/\/megacase.com\/fr\/produit\/valise-a-roulettes-pour-gong-symphonique-38\/","title":{"rendered":"Valise \u00e0 roulettes pour gong symphonique 38&Prime;"},"content":{"rendered":"<p>Valise \u00e0 roulettes pour gong symphonique 38&Prime;<br \/>\nDimensions int\u00e9rieures utiles : Diam\u00e8tre 98 cm &#8211; Hauteur 6,5 cm<\/p>\n<p>Panneau en poly\u00e9thyl\u00e8ne noir de 6,5 mm<br \/>\nCh\u00e2ssis aluminium 25\/25<br \/>\n4 coins moyens en L<br \/>\n2 charni\u00e8res papillon moyennes<br \/>\n2 grandes charni\u00e8res verrouillables<br \/>\n5 poign\u00e9es pliantes moyennes \u00e9troites<br \/>\n2 coins boule moyens<br \/>\n4 coins boule moyens avec coins en L<br \/>\n2 roulettes d&rsquo;angle de 48 mm<br \/>\n4 pieds en caoutchouc 38 x 20 mm<br \/>\nRembourrage en mousse (incrustation)<\/p>\n<p>** Remarque : Les appareils pr\u00e9sent\u00e9s sont \u00e0 titre indicatif uniquement et ne sont pas inclus dans cette offre.<\/p>\n<p>Fabriqu\u00e9 en Allemagne<br \/>\nDimensions ext\u00e9rieures (L x P x H) : 1086 x 1086 x 182 mm<br \/>\nPoids : environ 16,3 kg<\/p>\n","protected":false},"excerpt":{"rendered":"<p>Valise \u00e0 roulettes pour gong symphonique 38&Prime; Dimensions int\u00e9rieures utiles : Diam\u00e8tre 98 cm &#8211; Hauteur 6,5 cm Panneau en<\/p>\n","protected":false},"featured_media":278385,"template":"","meta":{"_acf_changed":false},"product_brand":[],"product_cat":[15043],"product_tag":[],"class_list":{"0":"post-278448","1":"product","2":"type-product","3":"status-publish","4":"has-post-thumbnail","6":"product_cat-uncategorized-de","8":"first","9":"instock","10":"taxable","11":"shipping-taxable","12":"purchasable","13":"product-type-simple"},"acf":[],"_links":{"self":[{"href":"https:\/\/megacase.com\/fr\/wp-json\/wp\/v2\/product\/278448","targetHints":{"allow":["GET"]}}],"collection":[{"href":"https:\/\/megacase.com\/fr\/wp-json\/wp\/v2\/product"}],"about":[{"href":"https:\/\/megacase.com\/fr\/wp-json\/wp\/v2\/types\/product"}],"wp:featuredmedia":[{"embeddable":true,"href":"https:\/\/megacase.com\/fr\/wp-json\/wp\/v2\/media\/278385"}],"wp:attachment":[{"href":"https:\/\/megacase.com\/fr\/wp-json\/wp\/v2\/media?parent=278448"}],"wp:term":[{"taxonomy":"product_brand","embeddable":true,"href":"https:\/\/megacase.com\/fr\/wp-json\/wp\/v2\/product_brand?post=278448"},{"taxonomy":"product_cat","embeddable":true,"href":"https:\/\/megacase.com\/fr\/wp-json\/wp\/v2\/product_cat?post=278448"},{"taxonomy":"product_tag","embeddable":true,"href":"https:\/\/megacase.com\/fr\/wp-json\/wp\/v2\/product_tag?post=278448"}],"curies":[{"name":"wp","href":"https:\/\/api.w.org\/{rel}","templated":true}]}}