{"id":278093,"date":"2026-03-26T09:08:01","date_gmt":"2026-03-26T08:08:01","guid":{"rendered":"https:\/\/megacase.com\/?post_type=product&#038;p=278093"},"modified":"2026-03-27T11:39:45","modified_gmt":"2026-03-27T10:39:45","slug":"valise-capote-3x-qsc-la112-cadre-volant-roues","status":"publish","type":"product","link":"https:\/\/megacase.com\/fr\/produit\/valise-capote-3x-qsc-la112-cadre-volant-roues\/","title":{"rendered":"Valise capote 3x QSC LA112 + cadre volant + roues"},"content":{"rendered":"<p>valise \u00e0 capot lourd divis\u00e9 pour 3x QSC LA112 + cadre volant<br \/>\nHaut-parleurs empil\u00e9s.<br \/>\nDerri\u00e8re les haut-parleurs se trouve un compartiment pour le QSC LA112 Flying Frame.<\/p>\n<p>9 mm multiplex noir RAL 9004<br \/>\nChant en aluminium 35\/35 mm<br \/>\n12 grands coins en L coud\u00e9s<br \/>\n8 grandes poign\u00e9es rabattables<br \/>\n8 grands fermoirs papillon<br \/>\n1 coque d&rsquo;\u00e9tiquette de tourn\u00e9e<br \/>\nPoign\u00e9es d&rsquo;installation \u00e0 4 bords<br \/>\n8 coins de boule<br \/>\n4 roulettes pivotantes 100 mm dont 2 avec freins<br \/>\nRembourrage en mousse<\/p>\n<p>Fabriqu\u00e9 en Allemagne<br \/>\nDimensions ext\u00e9rieures LxPxH 717 x 735 x 1365 mm<br \/>\nPoids : 65,2 kg<\/p>\n","protected":false},"excerpt":{"rendered":"<p>valise \u00e0 capot lourd divis\u00e9 pour 3x QSC LA112 + cadre volant Haut-parleurs empil\u00e9s. Derri\u00e8re les haut-parleurs se trouve un<\/p>\n","protected":false},"featured_media":278010,"template":"","meta":{"_acf_changed":false},"product_brand":[],"product_cat":[16320],"product_tag":[],"class_list":{"0":"post-278093","1":"product","2":"type-product","3":"status-publish","4":"has-post-thumbnail","6":"product_cat-audio-cases-fr","8":"first","9":"instock","10":"taxable","11":"shipping-taxable","12":"purchasable","13":"product-type-simple"},"acf":[],"_links":{"self":[{"href":"https:\/\/megacase.com\/fr\/wp-json\/wp\/v2\/product\/278093","targetHints":{"allow":["GET"]}}],"collection":[{"href":"https:\/\/megacase.com\/fr\/wp-json\/wp\/v2\/product"}],"about":[{"href":"https:\/\/megacase.com\/fr\/wp-json\/wp\/v2\/types\/product"}],"wp:featuredmedia":[{"embeddable":true,"href":"https:\/\/megacase.com\/fr\/wp-json\/wp\/v2\/media\/278010"}],"wp:attachment":[{"href":"https:\/\/megacase.com\/fr\/wp-json\/wp\/v2\/media?parent=278093"}],"wp:term":[{"taxonomy":"product_brand","embeddable":true,"href":"https:\/\/megacase.com\/fr\/wp-json\/wp\/v2\/product_brand?post=278093"},{"taxonomy":"product_cat","embeddable":true,"href":"https:\/\/megacase.com\/fr\/wp-json\/wp\/v2\/product_cat?post=278093"},{"taxonomy":"product_tag","embeddable":true,"href":"https:\/\/megacase.com\/fr\/wp-json\/wp\/v2\/product_tag?post=278093"}],"curies":[{"name":"wp","href":"https:\/\/api.w.org\/{rel}","templated":true}]}}