{"id":277939,"date":"2026-03-26T09:08:01","date_gmt":"2026-03-26T08:08:01","guid":{"rendered":"https:\/\/megacase.com\/?post_type=product&#038;p=277939"},"modified":"2026-03-27T11:39:45","modified_gmt":"2026-03-27T10:39:45","slug":"valise-behringer-powerplay-p16hq-m-p16mb-plaque-de-maintien-5en1-p16d","status":"publish","type":"product","link":"https:\/\/megacase.com\/fr\/produit\/valise-behringer-powerplay-p16hq-m-p16mb-plaque-de-maintien-5en1-p16d\/","title":{"rendered":"Valise Behringer Powerplay P16HQ\/M + P16MB plaque de maintien 5en1 + P16D"},"content":{"rendered":"<p>Valise adapt\u00e9e pour 5x Behringer Powerplay P16HQ ou P16M<br \/>\navec plaque de retenue mont\u00e9e P16MB<br \/>\net 1x extension du syst\u00e8me Ultranet Behringer Powerplay P16D.<br \/>\nSur la droite se trouve un compartiment \u00e0 accessoires rembourr\u00e9 de 15 cm. <\/p>\n<p>Brun ph\u00e9nol multiplex 6,8 mm<br \/>\nChant en aluminium 22\/22 mm<br \/>\n4 coins en L moyen<br \/>\n2 fermoirs \u00e0 pression avec \u0153illets<br \/>\n2 grandes charni\u00e8res verrouillables<br \/>\n1 poign\u00e9e de valise<br \/>\n4 petits coins boules<br \/>\nCoin 4 boules petit coin en L<br \/>\nRembourrage en mousse<\/p>\n<p>Fabriqu\u00e9 en Allemagne<br \/>\nDimensions ext\u00e9rieures env. LxPxH 852x338x223mm<br \/>\nPoids env. 7,8 kg<\/p>\n","protected":false},"excerpt":{"rendered":"<p>Valise adapt\u00e9e pour 5x Behringer Powerplay P16HQ ou P16M avec plaque de retenue mont\u00e9e P16MB et 1x extension du syst\u00e8me<\/p>\n","protected":false},"featured_media":277912,"template":"","meta":{"_acf_changed":false},"product_brand":[],"product_cat":[13828],"product_tag":[],"class_list":{"0":"post-277939","1":"product","2":"type-product","3":"status-publish","4":"has-post-thumbnail","6":"product_cat-mischpult-cases-fr","8":"first","9":"instock","10":"taxable","11":"shipping-taxable","12":"purchasable","13":"product-type-simple"},"acf":[],"_links":{"self":[{"href":"https:\/\/megacase.com\/fr\/wp-json\/wp\/v2\/product\/277939","targetHints":{"allow":["GET"]}}],"collection":[{"href":"https:\/\/megacase.com\/fr\/wp-json\/wp\/v2\/product"}],"about":[{"href":"https:\/\/megacase.com\/fr\/wp-json\/wp\/v2\/types\/product"}],"wp:featuredmedia":[{"embeddable":true,"href":"https:\/\/megacase.com\/fr\/wp-json\/wp\/v2\/media\/277912"}],"wp:attachment":[{"href":"https:\/\/megacase.com\/fr\/wp-json\/wp\/v2\/media?parent=277939"}],"wp:term":[{"taxonomy":"product_brand","embeddable":true,"href":"https:\/\/megacase.com\/fr\/wp-json\/wp\/v2\/product_brand?post=277939"},{"taxonomy":"product_cat","embeddable":true,"href":"https:\/\/megacase.com\/fr\/wp-json\/wp\/v2\/product_cat?post=277939"},{"taxonomy":"product_tag","embeddable":true,"href":"https:\/\/megacase.com\/fr\/wp-json\/wp\/v2\/product_tag?post=277939"}],"curies":[{"name":"wp","href":"https:\/\/api.w.org\/{rel}","templated":true}]}}