{"id":277849,"date":"2026-03-26T09:08:02","date_gmt":"2026-03-26T08:08:02","guid":{"rendered":"https:\/\/megacase.com\/?post_type=product&#038;p=277849"},"modified":"2026-03-27T11:39:44","modified_gmt":"2026-03-27T10:39:44","slug":"valise-moniteur-tactile-max-540x323x45-peut-etre-configure","status":"publish","type":"product","link":"https:\/\/megacase.com\/fr\/produit\/valise-moniteur-tactile-max-540x323x45-peut-etre-configure\/","title":{"rendered":"Valise moniteur tactile max. 540x323x45 peut \u00eatre configur\u00e9"},"content":{"rendered":"<p>\u00c9tui de transport pour moniteur tactile pouvant \u00eatre install\u00e9<br \/>\navec des dimensions maximales 540x323x45mm (LxPxH)<br \/>\npar ex. Par ex. Iiyama Prolite T2454MSC-B2AG<br \/>\nLe moniteur peut \u00eatre install\u00e9 avec un rail grillag\u00e9 dans 10 encoches<br \/>\n9 cm d&rsquo;espace sous le moniteur pour un switch r\u00e9seau ou un mini PC<br \/>\nRepose-main en partie basse \u00e0 l&rsquo;avant<br \/>\nVolet arri\u00e8re avec rail rack 1U (par exemple pour un panneau 1U 19&Prime; ou une multiprise 19&Prime;)<\/p>\n<p>Rev\u00eatement color\u00e9 multiplex de 6,8 mm<br \/>\n&#8211; Couleur librement s\u00e9lectionnable dans notre nuancier<br \/>\nBordure en aluminium 25\/25 mm<br \/>\nM\u00e9dium d&rsquo;angle 8 L<br \/>\n1 poign\u00e9e sangle noire<br \/>\n2 Papillons moyens<br \/>\n8 coins plats<br \/>\n1 coque d&rsquo;\u00e9tiquette de tourn\u00e9e<br \/>\n6 pieds en caoutchouc<br \/>\nRembourrage en mousse<\/p>\n<p>Fabriqu\u00e9 en Allemagne<br \/>\nDimensions ext\u00e9rieures env. LxHxP 610x530x237mm<br \/>\nPoids env. 10,6 kg<\/p>\n","protected":false},"excerpt":{"rendered":"<p>\u00c9tui de transport pour moniteur tactile pouvant \u00eatre install\u00e9 avec des dimensions maximales 540x323x45mm (LxPxH) par ex. Par ex. Iiyama<\/p>\n","protected":false},"featured_media":277790,"template":"","meta":{"_acf_changed":false},"product_brand":[],"product_cat":[13690],"product_tag":[],"class_list":{"0":"post-277849","1":"product","2":"type-product","3":"status-publish","4":"has-post-thumbnail","6":"product_cat-display-monitor-fr","8":"first","9":"instock","10":"taxable","11":"shipping-taxable","12":"purchasable","13":"product-type-simple"},"acf":[],"_links":{"self":[{"href":"https:\/\/megacase.com\/fr\/wp-json\/wp\/v2\/product\/277849","targetHints":{"allow":["GET"]}}],"collection":[{"href":"https:\/\/megacase.com\/fr\/wp-json\/wp\/v2\/product"}],"about":[{"href":"https:\/\/megacase.com\/fr\/wp-json\/wp\/v2\/types\/product"}],"wp:featuredmedia":[{"embeddable":true,"href":"https:\/\/megacase.com\/fr\/wp-json\/wp\/v2\/media\/277790"}],"wp:attachment":[{"href":"https:\/\/megacase.com\/fr\/wp-json\/wp\/v2\/media?parent=277849"}],"wp:term":[{"taxonomy":"product_brand","embeddable":true,"href":"https:\/\/megacase.com\/fr\/wp-json\/wp\/v2\/product_brand?post=277849"},{"taxonomy":"product_cat","embeddable":true,"href":"https:\/\/megacase.com\/fr\/wp-json\/wp\/v2\/product_cat?post=277849"},{"taxonomy":"product_tag","embeddable":true,"href":"https:\/\/megacase.com\/fr\/wp-json\/wp\/v2\/product_tag?post=277849"}],"curies":[{"name":"wp","href":"https:\/\/api.w.org\/{rel}","templated":true}]}}