{"id":277741,"date":"2025-02-17T20:51:40","date_gmt":"2025-02-17T19:51:40","guid":{"rendered":"https:\/\/megacase.com\/product\/etui-a-rabat-pour-midas-pro-2c\/"},"modified":"2026-03-26T13:42:11","modified_gmt":"2026-03-26T12:42:11","slug":"etui-a-rabat-pour-midas-pro-2c","status":"publish","type":"product","link":"https:\/\/megacase.com\/fr\/produit\/etui-a-rabat-pour-midas-pro-2c\/","title":{"rendered":"Etui \u00e0 rabat pour Midas Pro 2C"},"content":{"rendered":"<p>Etui \u00e0 rabat pour Midas Pro 2C<br \/>\navec plateau m\u00e9langeur amovible et adaptateur pour moniteur.<\/p>\n<p>Rev\u00eatement color\u00e9 multiplex de 9 mm<br \/>\n&#8211; Couleur librement s\u00e9lectionnable dans notre nuancier<br \/>\nChant en aluminium 35\/35 mm<br \/>\n4 papillons grands<br \/>\nCharni\u00e8re 2 L lourde<br \/>\n6 charni\u00e8res 6 trous<br \/>\n8 poign\u00e9es pliantes grandes<br \/>\nPoign\u00e9e encastr\u00e9e \u00e0 2 bords<br \/>\n8 coins de boule<br \/>\nFermeture 2 loquets + panneau<br \/>\n4 charni\u00e8res \u00e0 visser argent<br \/>\n4 roulettes pivotantes 100 mm dont 2 avec freins<br \/>\n1 coque d&rsquo;\u00e9tiquette de tourn\u00e9e<br \/>\n1 adaptateur pour moniteur<br \/>\nRembourrage en mousse<\/p>\n<p>Fabriqu\u00e9 en Allemagne<br \/>\nDimensions ext\u00e9rieures env. LxPxH 1147x542x1174mm<br \/>\nPoids env. 97,8kg<\/p>\n","protected":false},"excerpt":{"rendered":"<p>Etui \u00e0 rabat pour Midas Pro 2C avec plateau m\u00e9langeur amovible et adaptateur pour moniteur. Rev\u00eatement color\u00e9 multiplex de 9<\/p>\n","protected":false},"featured_media":273065,"template":"","meta":{"_acf_changed":false},"product_brand":[],"product_cat":[16336],"product_tag":[],"class_list":{"0":"post-277741","1":"product","2":"type-product","3":"status-publish","4":"has-post-thumbnail","6":"product_cat-uncategorized-fr","8":"first","9":"instock","10":"taxable","11":"shipping-taxable","12":"purchasable","13":"product-type-simple"},"acf":[],"_links":{"self":[{"href":"https:\/\/megacase.com\/fr\/wp-json\/wp\/v2\/product\/277741","targetHints":{"allow":["GET"]}}],"collection":[{"href":"https:\/\/megacase.com\/fr\/wp-json\/wp\/v2\/product"}],"about":[{"href":"https:\/\/megacase.com\/fr\/wp-json\/wp\/v2\/types\/product"}],"wp:featuredmedia":[{"embeddable":true,"href":"https:\/\/megacase.com\/fr\/wp-json\/wp\/v2\/media\/273065"}],"wp:attachment":[{"href":"https:\/\/megacase.com\/fr\/wp-json\/wp\/v2\/media?parent=277741"}],"wp:term":[{"taxonomy":"product_brand","embeddable":true,"href":"https:\/\/megacase.com\/fr\/wp-json\/wp\/v2\/product_brand?post=277741"},{"taxonomy":"product_cat","embeddable":true,"href":"https:\/\/megacase.com\/fr\/wp-json\/wp\/v2\/product_cat?post=277741"},{"taxonomy":"product_tag","embeddable":true,"href":"https:\/\/megacase.com\/fr\/wp-json\/wp\/v2\/product_tag?post=277741"}],"curies":[{"name":"wp","href":"https:\/\/api.w.org\/{rel}","templated":true}]}}