{"id":277437,"date":"2026-03-26T09:08:03","date_gmt":"2026-03-26T08:08:03","guid":{"rendered":"https:\/\/megacase.com\/?post_type=product&#038;p=277437"},"modified":"2026-03-27T11:39:44","modified_gmt":"2026-03-27T10:39:44","slug":"boitier-de-commande-pioneer-flx-10-entierement-noir","status":"publish","type":"product","link":"https:\/\/megacase.com\/fr\/produit\/boitier-de-commande-pioneer-flx-10-entierement-noir\/","title":{"rendered":"Bo\u00eetier de commande Pioneer FLX 10 enti\u00e8rement noir"},"content":{"rendered":"<p>Bo\u00eetier de commande Pioneer FLX 10 enti\u00e8rement noir<br \/>\navec passe-c\u00e2bles derri\u00e8re l&rsquo;appareil.<\/p>\n<p>Multiplex noir 6,8 mm, RAL 9004<br \/>\nBordure aluminium noir 22\/22 mm<br \/>\n4 coins moyens noirs en L<br \/>\n4 mini coins papillon noirs<br \/>\n3 poign\u00e9es pliantes \u00e9troites noires<br \/>\n4 petits coins boule noirs<br \/>\n4 petits coins boule noirs en L<br \/>\n4 pieds en caoutchouc<br \/>\nRembourrage en mousse<\/p>\n<p>Fabriqu\u00e9 en Allemagne<br \/>\nDimensions ext\u00e9rieures L x P x H : 795 x 545 x 195 mm<br \/>\nPoids : 8,4 kg<\/p>\n","protected":false},"excerpt":{"rendered":"<p>Bo\u00eetier de commande Pioneer FLX 10 enti\u00e8rement noir avec passe-c\u00e2bles derri\u00e8re l&rsquo;appareil. Multiplex noir 6,8 mm, RAL 9004 Bordure aluminium<\/p>\n","protected":false},"featured_media":277386,"template":"","meta":{"_acf_changed":false},"product_brand":[],"product_cat":[13730],"product_tag":[],"class_list":{"0":"post-277437","1":"product","2":"type-product","3":"status-publish","4":"has-post-thumbnail","6":"product_cat-dj-cases-fr","8":"first","9":"instock","10":"taxable","11":"shipping-taxable","12":"purchasable","13":"product-type-simple"},"acf":[],"_links":{"self":[{"href":"https:\/\/megacase.com\/fr\/wp-json\/wp\/v2\/product\/277437","targetHints":{"allow":["GET"]}}],"collection":[{"href":"https:\/\/megacase.com\/fr\/wp-json\/wp\/v2\/product"}],"about":[{"href":"https:\/\/megacase.com\/fr\/wp-json\/wp\/v2\/types\/product"}],"wp:featuredmedia":[{"embeddable":true,"href":"https:\/\/megacase.com\/fr\/wp-json\/wp\/v2\/media\/277386"}],"wp:attachment":[{"href":"https:\/\/megacase.com\/fr\/wp-json\/wp\/v2\/media?parent=277437"}],"wp:term":[{"taxonomy":"product_brand","embeddable":true,"href":"https:\/\/megacase.com\/fr\/wp-json\/wp\/v2\/product_brand?post=277437"},{"taxonomy":"product_cat","embeddable":true,"href":"https:\/\/megacase.com\/fr\/wp-json\/wp\/v2\/product_cat?post=277437"},{"taxonomy":"product_tag","embeddable":true,"href":"https:\/\/megacase.com\/fr\/wp-json\/wp\/v2\/product_tag?post=277437"}],"curies":[{"name":"wp","href":"https:\/\/api.w.org\/{rel}","templated":true}]}}