{"id":277380,"date":"2026-03-26T09:08:03","date_gmt":"2026-03-26T08:08:03","guid":{"rendered":"https:\/\/megacase.com\/?post_type=product&#038;p=277380"},"modified":"2026-03-27T11:39:43","modified_gmt":"2026-03-27T10:39:43","slug":"mallette-de-commande-pioneer-xdj-az-all-black-trolley","status":"publish","type":"product","link":"https:\/\/megacase.com\/fr\/produit\/mallette-de-commande-pioneer-xdj-az-all-black-trolley\/","title":{"rendered":"Mallette de commande Pioneer XDJ-AZ All Black + Trolley"},"content":{"rendered":"<p>Mallette de commande pour Pioneer XDJ-AZ All Black + Trolley<br \/>\navec roulettes d&rsquo;angle et passe-c\u00e2ble de 13 cm derri\u00e8re l&rsquo;appareil.<\/p>\n<p>La commande peut \u00eatre command\u00e9e depuis l&rsquo;int\u00e9rieur de la mallette.<\/p>\n<p>Contreplaqu\u00e9 de 6,8 mm, noir RAL 9004<br \/>\nBords en aluminium 22\/22, noirs<br \/>\n4 coins moyens en L, noirs<br \/>\n4 petits coins en L, noirs<br \/>\n4 mini-poign\u00e9es papillon, noires<br \/>\n3 petites poign\u00e9es pliantes, noires<br \/>\n6 petits coins boule, noirs<br \/>\n2 roulettes d&rsquo;angle de 48 mm, noires (bande de roulement grise)<br \/>\n6 pieds en caoutchouc<br \/>\nRembourrage en mousse<\/p>\n<p>Fabriqu\u00e9 en Allemagne<br \/>\nDimensions ext\u00e9rieures (L x P x H) : environ 985 x 635 x 225 mm<br \/>\nPoids : environ 13,7 kg<\/p>\n","protected":false},"excerpt":{"rendered":"<p>Mallette de commande pour Pioneer XDJ-AZ All Black + Trolley avec roulettes d&rsquo;angle et passe-c\u00e2ble de 13 cm derri\u00e8re l&rsquo;appareil.<\/p>\n","protected":false},"featured_media":277281,"template":"","meta":{"_acf_changed":false},"product_brand":[],"product_cat":[13730],"product_tag":[],"class_list":{"0":"post-277380","1":"product","2":"type-product","3":"status-publish","4":"has-post-thumbnail","6":"product_cat-dj-cases-fr","8":"first","9":"instock","10":"taxable","11":"shipping-taxable","12":"purchasable","13":"product-type-simple"},"acf":[],"_links":{"self":[{"href":"https:\/\/megacase.com\/fr\/wp-json\/wp\/v2\/product\/277380","targetHints":{"allow":["GET"]}}],"collection":[{"href":"https:\/\/megacase.com\/fr\/wp-json\/wp\/v2\/product"}],"about":[{"href":"https:\/\/megacase.com\/fr\/wp-json\/wp\/v2\/types\/product"}],"wp:featuredmedia":[{"embeddable":true,"href":"https:\/\/megacase.com\/fr\/wp-json\/wp\/v2\/media\/277281"}],"wp:attachment":[{"href":"https:\/\/megacase.com\/fr\/wp-json\/wp\/v2\/media?parent=277380"}],"wp:term":[{"taxonomy":"product_brand","embeddable":true,"href":"https:\/\/megacase.com\/fr\/wp-json\/wp\/v2\/product_brand?post=277380"},{"taxonomy":"product_cat","embeddable":true,"href":"https:\/\/megacase.com\/fr\/wp-json\/wp\/v2\/product_cat?post=277380"},{"taxonomy":"product_tag","embeddable":true,"href":"https:\/\/megacase.com\/fr\/wp-json\/wp\/v2\/product_tag?post=277380"}],"curies":[{"name":"wp","href":"https:\/\/api.w.org\/{rel}","templated":true}]}}