{"id":277274,"date":"2025-07-02T10:48:05","date_gmt":"2025-07-02T08:48:05","guid":{"rendered":"https:\/\/megacase.com\/?post_type=product&#038;p=277274"},"modified":"2026-03-26T13:42:05","modified_gmt":"2026-03-26T12:42:05","slug":"mallette-a-rabat-pour-la-table-de-mixage-behringer-x32","status":"publish","type":"product","link":"https:\/\/megacase.com\/fr\/produit\/mallette-a-rabat-pour-la-table-de-mixage-behringer-x32\/","title":{"rendered":"Mallette \u00e0 rabat pour la table de mixage Behringer X32"},"content":{"rendered":"<p>Mallette \u00e0 rabat pour la table de mixage Behringer X32<br \/>\navec plateau amovible.<\/p>\n<p>Pr\u00e9paration pour le montage :<br \/>\nla barrette USB t.racks Power 3,<br \/>\nle support pour casque Thon Rack, r\u00e9f. 147721, ou<br \/>\nle support pour casque K&amp;M 49302, r\u00e9f. 158940<\/p>\n<p>Contreplaqu\u00e9 noir 9 mm, RAL 9004<br \/>\nCh\u00e2ssis aluminium 35\/35 mm<br \/>\n10 grands angles en L<br \/>\n4 grandes charni\u00e8res papillon<br \/>\n8 grandes poign\u00e9es rabattables<br \/>\n2 poign\u00e9es encastr\u00e9es<br \/>\n2 charni\u00e8res robustes en L<br \/>\n6 charni\u00e8res \u00e0 6 trous<br \/>\n8 grands angles sph\u00e9riques<br \/>\n2 loquets de verrouillage + plaques de recouvrement<br \/>\n4 charni\u00e8res \u00e0 visser argent\u00e9es<br \/>\n1 porte-\u00e9tiquettes<br \/>\n4 roulettes pivotantes de 100 mm, dont 2 avec frein<br \/>\nRembourrage en mousse<\/p>\n<p>** Les appareils illustr\u00e9s sont uniquement \u00e0 des fins d&rsquo;illustration et ne sont pas inclus dans la livraison.<\/p>\n<p>Fabriqu\u00e9 en Allemagne<br \/>\nDimensions ext\u00e9rieures : env. L x P x H 1165 x 615 x 1015 mm<br \/>\nPoids environ 95,6 kg<\/p>\n","protected":false},"excerpt":{"rendered":"<p>Mallette \u00e0 rabat pour la table de mixage Behringer X32 avec plateau amovible. Pr\u00e9paration pour le montage : la barrette<\/p>\n","protected":false},"featured_media":277151,"template":"","meta":{"_acf_changed":false},"product_brand":[],"product_cat":[13828,16380],"product_tag":[],"class_list":{"0":"post-277274","1":"product","2":"type-product","3":"status-publish","4":"has-post-thumbnail","6":"product_cat-mischpult-cases-fr","7":"product_cat-behringer-fr","9":"first","10":"instock","11":"taxable","12":"shipping-taxable","13":"purchasable","14":"product-type-simple"},"acf":[],"_links":{"self":[{"href":"https:\/\/megacase.com\/fr\/wp-json\/wp\/v2\/product\/277274","targetHints":{"allow":["GET"]}}],"collection":[{"href":"https:\/\/megacase.com\/fr\/wp-json\/wp\/v2\/product"}],"about":[{"href":"https:\/\/megacase.com\/fr\/wp-json\/wp\/v2\/types\/product"}],"wp:featuredmedia":[{"embeddable":true,"href":"https:\/\/megacase.com\/fr\/wp-json\/wp\/v2\/media\/277151"}],"wp:attachment":[{"href":"https:\/\/megacase.com\/fr\/wp-json\/wp\/v2\/media?parent=277274"}],"wp:term":[{"taxonomy":"product_brand","embeddable":true,"href":"https:\/\/megacase.com\/fr\/wp-json\/wp\/v2\/product_brand?post=277274"},{"taxonomy":"product_cat","embeddable":true,"href":"https:\/\/megacase.com\/fr\/wp-json\/wp\/v2\/product_cat?post=277274"},{"taxonomy":"product_tag","embeddable":true,"href":"https:\/\/megacase.com\/fr\/wp-json\/wp\/v2\/product_tag?post=277274"}],"curies":[{"name":"wp","href":"https:\/\/api.w.org\/{rel}","templated":true}]}}