{"id":277134,"date":"2026-03-26T09:08:04","date_gmt":"2026-03-26T08:08:04","guid":{"rendered":"https:\/\/megacase.com\/?post_type=product&#038;p=277134"},"modified":"2026-03-27T11:39:43","modified_gmt":"2026-03-27T10:39:43","slug":"coffre-pour-2-martin-mac-viper-xip","status":"publish","type":"product","link":"https:\/\/megacase.com\/fr\/produit\/coffre-pour-2-martin-mac-viper-xip\/","title":{"rendered":"Coffre pour 2 Martin MAC Viper XIP"},"content":{"rendered":"<p>Coffre pour 2 Martin MAC Viper XIP<br \/>\navec roulettes pivotantes et compartiment central non rembourr\u00e9 pour accessoires de 15 cm.<\/p>\n<p>Couvercle avec plateau int\u00e9gr\u00e9 pour \u00e9tiquette de tourn\u00e9e.<\/p>\n<p>Contreplaqu\u00e9 9 mm, noir RAL 9004<br \/>\nBordure aluminium 30\/30 mm<br \/>\n2 coins moyens en L<br \/>\n2 grands coins en L<br \/>\n2 charni\u00e8res papillon moyennes<br \/>\n2 arr\u00eatoirs de couvercle moyens \u00e0 clic<br \/>\n2 grandes charni\u00e8res en L<br \/>\n1 charni\u00e8re 6 trous<br \/>\n4 poign\u00e9es rabattables moyennes<br \/>\n1 plateau pour \u00e9tiquette de tourn\u00e9e<br \/>\n8 grands coins \u00e0 boule<br \/>\n4 roulettes pivotantes de 100 mm, dont 2 avec frein<br \/>\nRembourrage en mousse<\/p>\n<p>Fabriqu\u00e9 en Allemagne<br \/>\nDimensions ext\u00e9rieures (L x P x H) : environ 922 x 550 x 1030 mm<br \/>\nPoids : environ 56,9 kg<\/p>\n","protected":false},"excerpt":{"rendered":"<p>Coffre pour 2 Martin MAC Viper XIP avec roulettes pivotantes et compartiment central non rembourr\u00e9 pour accessoires de 15 cm.<\/p>\n","protected":false},"featured_media":277115,"template":"","meta":{"_acf_changed":false},"product_brand":[],"product_cat":[16329],"product_tag":[],"class_list":{"0":"post-277134","1":"product","2":"type-product","3":"status-publish","4":"has-post-thumbnail","6":"product_cat-cases-fuer-lichtequipment-fr","8":"first","9":"instock","10":"taxable","11":"shipping-taxable","12":"purchasable","13":"product-type-simple"},"acf":[],"_links":{"self":[{"href":"https:\/\/megacase.com\/fr\/wp-json\/wp\/v2\/product\/277134","targetHints":{"allow":["GET"]}}],"collection":[{"href":"https:\/\/megacase.com\/fr\/wp-json\/wp\/v2\/product"}],"about":[{"href":"https:\/\/megacase.com\/fr\/wp-json\/wp\/v2\/types\/product"}],"wp:featuredmedia":[{"embeddable":true,"href":"https:\/\/megacase.com\/fr\/wp-json\/wp\/v2\/media\/277115"}],"wp:attachment":[{"href":"https:\/\/megacase.com\/fr\/wp-json\/wp\/v2\/media?parent=277134"}],"wp:term":[{"taxonomy":"product_brand","embeddable":true,"href":"https:\/\/megacase.com\/fr\/wp-json\/wp\/v2\/product_brand?post=277134"},{"taxonomy":"product_cat","embeddable":true,"href":"https:\/\/megacase.com\/fr\/wp-json\/wp\/v2\/product_cat?post=277134"},{"taxonomy":"product_tag","embeddable":true,"href":"https:\/\/megacase.com\/fr\/wp-json\/wp\/v2\/product_tag?post=277134"}],"curies":[{"name":"wp","href":"https:\/\/api.w.org\/{rel}","templated":true}]}}