{"id":277084,"date":"2026-03-26T09:08:05","date_gmt":"2026-03-26T08:08:05","guid":{"rendered":"https:\/\/megacase.com\/?post_type=product&#038;p=277084"},"modified":"2026-03-27T11:39:43","modified_gmt":"2026-03-27T10:39:43","slug":"coffre-professionnel-pour-2-ld-systems-maui-5","status":"publish","type":"product","link":"https:\/\/megacase.com\/fr\/produit\/coffre-professionnel-pour-2-ld-systems-maui-5\/","title":{"rendered":"Coffre professionnel pour 2 LD Systems Maui 5"},"content":{"rendered":"<p>Coffre professionnel pour 2 LD Systems Maui 5 (1 cha\u00eene st\u00e9r\u00e9o)<br \/>\nDimensions camion avec compartiment \u00e0 accessoires.<br \/>\nLe couvercle est \u00e9quip\u00e9 d&rsquo;un plateau int\u00e9gr\u00e9 pour le Tour Label et de logements profonds pour les roues.<br \/>\nRoulettes pivotantes \u00e0 alignement automatique de 100 mm.<\/p>\n<p>Contreplaqu\u00e9 de 9 mm, laqu\u00e9<br \/>\n&#8211; Veuillez s\u00e9lectionner la couleur souhait\u00e9e dans notre nuancier<br \/>\nBordure en aluminium 30 x 30 mm<br \/>\n4 grands coins en L<br \/>\n2 charni\u00e8res papillon moyennes<br \/>\n2 compas de couvercle \u00e0 clic-stop moyens<br \/>\n2 charni\u00e8res en L lourdes<br \/>\n8 poign\u00e9es pliantes moyennes<br \/>\n8 grands coins \u00e0 boule<br \/>\n1 plateau int\u00e9gr\u00e9 pour le Tour Label<br \/>\n4 logements profonds pour les roues<br \/>\n4 roulettes pivotantes \u00e0 alignement automatique de 100 mm, dont 2 avec frein<br \/>\nRembourrage en mousse<\/p>\n<p>Fabriqu\u00e9 en Allemagne<br \/>\nDimensions ext\u00e9rieures L x P x H : 836 x 598 x 806 mm<br \/>\nPoids : 42,5 kg<\/p>\n","protected":false},"excerpt":{"rendered":"<p>Coffre professionnel pour 2 LD Systems Maui 5 (1 cha\u00eene st\u00e9r\u00e9o) Dimensions camion avec compartiment \u00e0 accessoires. Le couvercle est<\/p>\n","protected":false},"featured_media":277049,"template":"","meta":{"_acf_changed":false},"product_brand":[],"product_cat":[16320],"product_tag":[],"class_list":{"0":"post-277084","1":"product","2":"type-product","3":"status-publish","4":"has-post-thumbnail","6":"product_cat-audio-cases-fr","8":"first","9":"instock","10":"taxable","11":"shipping-taxable","12":"purchasable","13":"product-type-simple"},"acf":[],"_links":{"self":[{"href":"https:\/\/megacase.com\/fr\/wp-json\/wp\/v2\/product\/277084","targetHints":{"allow":["GET"]}}],"collection":[{"href":"https:\/\/megacase.com\/fr\/wp-json\/wp\/v2\/product"}],"about":[{"href":"https:\/\/megacase.com\/fr\/wp-json\/wp\/v2\/types\/product"}],"wp:featuredmedia":[{"embeddable":true,"href":"https:\/\/megacase.com\/fr\/wp-json\/wp\/v2\/media\/277049"}],"wp:attachment":[{"href":"https:\/\/megacase.com\/fr\/wp-json\/wp\/v2\/media?parent=277084"}],"wp:term":[{"taxonomy":"product_brand","embeddable":true,"href":"https:\/\/megacase.com\/fr\/wp-json\/wp\/v2\/product_brand?post=277084"},{"taxonomy":"product_cat","embeddable":true,"href":"https:\/\/megacase.com\/fr\/wp-json\/wp\/v2\/product_cat?post=277084"},{"taxonomy":"product_tag","embeddable":true,"href":"https:\/\/megacase.com\/fr\/wp-json\/wp\/v2\/product_tag?post=277084"}],"curies":[{"name":"wp","href":"https:\/\/api.w.org\/{rel}","templated":true}]}}