{"id":276796,"date":"2026-03-26T09:08:05","date_gmt":"2026-03-26T08:08:05","guid":{"rendered":"https:\/\/megacase.com\/?post_type=product&#038;p=276796"},"modified":"2026-03-27T11:39:42","modified_gmt":"2026-03-27T10:39:42","slug":"valise-lourde-a-rabat-avec-elevateur-yamaha-dm7","status":"publish","type":"product","link":"https:\/\/megacase.com\/fr\/produit\/valise-lourde-a-rabat-avec-elevateur-yamaha-dm7\/","title":{"rendered":"Valise lourde \u00e0 rabat avec \u00e9l\u00e9vateur Yamaha DM7"},"content":{"rendered":"<p>Valise lourde \u00e0 rabat avec \u00e9l\u00e9vateur Yamaha DM7<br \/>\nLe plateau du malaxeur est amovible.<br \/>\nLa hauteur de travail est r\u00e9glable \u00e9lectriquement de 848 mm \u00e0 1198 mm maximum gr\u00e2ce \u00e0 une colonne de levage.<\/p>\n<p>Un logement de 15 cm de profondeur est situ\u00e9 derri\u00e8re le malaxeur. Pr\u00e9disposition pour le montage de T-Racks Power3USB (r\u00e9f. 437416)<br \/>\n2 adaptateurs pour \u00e9cran (300 mm de long) inclus<\/p>\n<p>Contreplaqu\u00e9 noir 9 mm, RAL9004<br \/>\nCh\u00e2ssis aluminium 35\/35 mm<br \/>\n12 grands angles d\u00e9cal\u00e9s en L<br \/>\n6 grandes fermetures papillon<br \/>\n2 loquets de verrouillage + couvercle<br \/>\n3 charni\u00e8res \u00e0 vis argent\u00e9es<br \/>\n8 grandes poign\u00e9es rabattables<br \/>\n2 poign\u00e9es encastr\u00e9es<br \/>\n1 porte-\u00e9tiquettes<br \/>\n8 grands coins sph\u00e9riques<br \/>\n4 roulettes pivotantes de 100 mm, dont 2 avec frein<br \/>\nRembourrage en mousse<\/p>\n<p>Fabriqu\u00e9 en Allemagne<br \/>\nDimensions ext\u00e9rieures : environ L x P x H 1210 x 620 x 1000 mm<br \/>\nPoids environ 122,7 kg<\/p>\n","protected":false},"excerpt":{"rendered":"<p>Valise lourde \u00e0 rabat avec \u00e9l\u00e9vateur Yamaha DM7 Le plateau du malaxeur est amovible. La hauteur de travail est r\u00e9glable<\/p>\n","protected":false},"featured_media":276713,"template":"","meta":{"_acf_changed":false},"product_brand":[],"product_cat":[13828],"product_tag":[],"class_list":{"0":"post-276796","1":"product","2":"type-product","3":"status-publish","4":"has-post-thumbnail","6":"product_cat-mischpult-cases-fr","8":"first","9":"instock","10":"taxable","11":"shipping-taxable","12":"purchasable","13":"product-type-simple"},"acf":[],"_links":{"self":[{"href":"https:\/\/megacase.com\/fr\/wp-json\/wp\/v2\/product\/276796","targetHints":{"allow":["GET"]}}],"collection":[{"href":"https:\/\/megacase.com\/fr\/wp-json\/wp\/v2\/product"}],"about":[{"href":"https:\/\/megacase.com\/fr\/wp-json\/wp\/v2\/types\/product"}],"wp:featuredmedia":[{"embeddable":true,"href":"https:\/\/megacase.com\/fr\/wp-json\/wp\/v2\/media\/276713"}],"wp:attachment":[{"href":"https:\/\/megacase.com\/fr\/wp-json\/wp\/v2\/media?parent=276796"}],"wp:term":[{"taxonomy":"product_brand","embeddable":true,"href":"https:\/\/megacase.com\/fr\/wp-json\/wp\/v2\/product_brand?post=276796"},{"taxonomy":"product_cat","embeddable":true,"href":"https:\/\/megacase.com\/fr\/wp-json\/wp\/v2\/product_cat?post=276796"},{"taxonomy":"product_tag","embeddable":true,"href":"https:\/\/megacase.com\/fr\/wp-json\/wp\/v2\/product_tag?post=276796"}],"curies":[{"name":"wp","href":"https:\/\/api.w.org\/{rel}","templated":true}]}}