{"id":276496,"date":"2026-03-26T09:08:06","date_gmt":"2026-03-26T08:08:06","guid":{"rendered":"https:\/\/megacase.com\/?post_type=product&#038;p=276496"},"modified":"2026-03-27T11:39:42","modified_gmt":"2026-03-27T10:39:42","slug":"coffre-pour-2-machines-a-fumee-adj-fog-fury-jett-pro","status":"publish","type":"product","link":"https:\/\/megacase.com\/fr\/produit\/coffre-pour-2-machines-a-fumee-adj-fog-fury-jett-pro\/","title":{"rendered":"Coffre pour 2 machines \u00e0 fum\u00e9e ADJ Fog Fury Jett Pro"},"content":{"rendered":"<p>Coffre pour 2 machines \u00e0 fum\u00e9e ADJ Fog Fury Jett Pro<br \/>\navec compartiment \u00e0 accessoires de 15 cm<\/p>\n<p>Fabriqu\u00e9 en contreplaqu\u00e9 de 6,8 mm<br \/>\nCouleur : brun ph\u00e9nol<br \/>\nBordure en aluminium 30 x 30 mm<br \/>\n4 coins moyens en L<br \/>\n2 charni\u00e8res papillon moyennes<br \/>\n2 grandes charni\u00e8res verrouillables<br \/>\n4 poign\u00e9es pliantes moyennes<br \/>\n4 coins boule moyens<br \/>\n4 coins boule moyens avec coins en L<br \/>\n4 roulettes pivotantes de 100 mm, dont 2 avec frein<br \/>\nRembourrage en mousse<\/p>\n<p>Fabriqu\u00e9 en Allemagne<br \/>\nDimensions ext\u00e9rieures L x H x P : 685 x 485 x 525 mm<br \/>\nPoids : 19,8 kg<\/p>\n","protected":false},"excerpt":{"rendered":"<p>Coffre pour 2 machines \u00e0 fum\u00e9e ADJ Fog Fury Jett Pro avec compartiment \u00e0 accessoires de 15 cm Fabriqu\u00e9 en<\/p>\n","protected":false},"featured_media":276464,"template":"","meta":{"_acf_changed":false},"product_brand":[],"product_cat":[16355],"product_tag":[],"class_list":{"0":"post-276496","1":"product","2":"type-product","3":"status-publish","4":"has-post-thumbnail","6":"product_cat-cases-fuer-nebelmaschine-fr","8":"first","9":"instock","10":"taxable","11":"shipping-taxable","12":"purchasable","13":"product-type-simple"},"acf":[],"_links":{"self":[{"href":"https:\/\/megacase.com\/fr\/wp-json\/wp\/v2\/product\/276496","targetHints":{"allow":["GET"]}}],"collection":[{"href":"https:\/\/megacase.com\/fr\/wp-json\/wp\/v2\/product"}],"about":[{"href":"https:\/\/megacase.com\/fr\/wp-json\/wp\/v2\/types\/product"}],"wp:featuredmedia":[{"embeddable":true,"href":"https:\/\/megacase.com\/fr\/wp-json\/wp\/v2\/media\/276464"}],"wp:attachment":[{"href":"https:\/\/megacase.com\/fr\/wp-json\/wp\/v2\/media?parent=276496"}],"wp:term":[{"taxonomy":"product_brand","embeddable":true,"href":"https:\/\/megacase.com\/fr\/wp-json\/wp\/v2\/product_brand?post=276496"},{"taxonomy":"product_cat","embeddable":true,"href":"https:\/\/megacase.com\/fr\/wp-json\/wp\/v2\/product_cat?post=276496"},{"taxonomy":"product_tag","embeddable":true,"href":"https:\/\/megacase.com\/fr\/wp-json\/wp\/v2\/product_tag?post=276496"}],"curies":[{"name":"wp","href":"https:\/\/api.w.org\/{rel}","templated":true}]}}