{"id":276457,"date":"2026-03-26T09:08:06","date_gmt":"2026-03-26T08:08:06","guid":{"rendered":"https:\/\/megacase.com\/?post_type=product&#038;p=276457"},"modified":"2026-03-27T11:39:42","modified_gmt":"2026-03-27T10:39:42","slug":"rack-2u-live-double-door-40","status":"publish","type":"product","link":"https:\/\/megacase.com\/fr\/produit\/rack-2u-live-double-door-40\/","title":{"rendered":"Rack 2U Live Double Door 40"},"content":{"rendered":"<p>Rack 2U Live Double Door 40<br \/>\navec rail arri\u00e8re suppl\u00e9mentaire<\/p>\n<p>Hauteur 2U<br \/>\nProfondeur d&rsquo;installation 37 cm<br \/>\nProfondeur d&rsquo;armoire 40 cm<br \/>\nContreplaqu\u00e9 6,8 mm, laqu\u00e9<br \/>\n&#8211; Couleur au choix dans notre nuancier<br \/>\nCh\u00e2ssis aluminium 22 x 22 \/ 25 x 25 mm<br \/>\n4 mini-charni\u00e8res papillon<br \/>\n2 poign\u00e9es rabattables moyennes<br \/>\n8 petits coins plats<br \/>\n4 pieds en caoutchouc<br \/>\nRail rack avec passepoil en caoutchouc \u00e0 l&rsquo;avant et \u00e0 l&rsquo;arri\u00e8re<br \/>\nJeu de vis<\/p>\n<p>Dimensions ext\u00e9rieures L x H x P 550 x 150 x 545 mm<br \/>\nPoids environ 7 kg<br \/>\nFabriqu\u00e9 en Allemagne<\/p>\n","protected":false},"excerpt":{"rendered":"<p>Rack 2U Live Double Door 40 avec rail arri\u00e8re suppl\u00e9mentaire Hauteur 2U Profondeur d&rsquo;installation 37 cm Profondeur d&rsquo;armoire 40 cm<\/p>\n","protected":false},"featured_media":276438,"template":"","meta":{"_acf_changed":false},"product_brand":[],"product_cat":[16336],"product_tag":[],"class_list":{"0":"post-276457","1":"product","2":"type-product","3":"status-publish","4":"has-post-thumbnail","6":"product_cat-uncategorized-fr","8":"first","9":"instock","10":"taxable","11":"shipping-taxable","12":"purchasable","13":"product-type-simple"},"acf":[],"_links":{"self":[{"href":"https:\/\/megacase.com\/fr\/wp-json\/wp\/v2\/product\/276457","targetHints":{"allow":["GET"]}}],"collection":[{"href":"https:\/\/megacase.com\/fr\/wp-json\/wp\/v2\/product"}],"about":[{"href":"https:\/\/megacase.com\/fr\/wp-json\/wp\/v2\/types\/product"}],"wp:featuredmedia":[{"embeddable":true,"href":"https:\/\/megacase.com\/fr\/wp-json\/wp\/v2\/media\/276438"}],"wp:attachment":[{"href":"https:\/\/megacase.com\/fr\/wp-json\/wp\/v2\/media?parent=276457"}],"wp:term":[{"taxonomy":"product_brand","embeddable":true,"href":"https:\/\/megacase.com\/fr\/wp-json\/wp\/v2\/product_brand?post=276457"},{"taxonomy":"product_cat","embeddable":true,"href":"https:\/\/megacase.com\/fr\/wp-json\/wp\/v2\/product_cat?post=276457"},{"taxonomy":"product_tag","embeddable":true,"href":"https:\/\/megacase.com\/fr\/wp-json\/wp\/v2\/product_tag?post=276457"}],"curies":[{"name":"wp","href":"https:\/\/api.w.org\/{rel}","templated":true}]}}