{"id":276423,"date":"2025-07-01T12:18:20","date_gmt":"2025-07-01T10:18:20","guid":{"rendered":"https:\/\/megacase.com\/?post_type=product&#038;p=276423"},"modified":"2026-03-26T13:42:06","modified_gmt":"2026-03-26T12:42:06","slug":"housse-de-protection-waves-emotion-lv1-classic","status":"publish","type":"product","link":"https:\/\/megacase.com\/fr\/produit\/housse-de-protection-waves-emotion-lv1-classic\/","title":{"rendered":"Housse de protection Waves eMotion LV1 Classic"},"content":{"rendered":"<p>\u00c9tui robuste et pratique en polyboard noir pour le syst\u00e8me de mixage Waves eMotion LV1 Classic. L&rsquo;appareil reste utilisable m\u00eame \u00e0 l&rsquo;int\u00e9rieur de l&rsquo;\u00e9tui, pour une installation rapide et une utilisation optimale en concert.<\/p>\n<p>Un passage de c\u00e2bles int\u00e9gr\u00e9 de 10 cm de large \u00e0 l&rsquo;arri\u00e8re assure une gestion propre et prot\u00e9g\u00e9e des c\u00e2bles et simplifie le c\u00e2blage en tourn\u00e9e.<\/p>\n<p>Caract\u00e9ristiques :<br \/>\nPolyboard noir de 6,5 mm<br \/>\nProfil\u00e9s en aluminium robustes de 30 x 30 mm<br \/>\n4 \u00e9querres de renfort (taille moyenne)<br \/>\n6 poign\u00e9es rabattables (taille moyenne)<br \/>\n4 fermetures papillon (taille moyenne)<br \/>\n4 \u00e9querres de renfort \u00e0 billes en acier (taille moyenne)<br \/>\n4 \u00e9querres de renfort \u00e0 billes en acier (taille moyenne) avec \u00e9querres de renfort en L<br \/>\n4 pieds en caoutchouc<br \/>\nRembourrage en mousse sur mesure pour une protection optimale de l&rsquo;appareil<\/p>\n<p>** Les appareils pr\u00e9sent\u00e9s sont \u00e0 titre indicatif uniquement et ne sont pas inclus.<\/p>\n<p>Fabriqu\u00e9 en Allemagne<br \/>\nDimensions ext\u00e9rieures (L x P x H) : env. 630 x 724 x 515 mm<br \/>\nPoids : env. 17,6 kg<\/p>\n","protected":false},"excerpt":{"rendered":"<p>\u00c9tui robuste et pratique en polyboard noir pour le syst\u00e8me de mixage Waves eMotion LV1 Classic. L&rsquo;appareil reste utilisable m\u00eame<\/p>\n","protected":false},"featured_media":277457,"template":"","meta":{"_acf_changed":false},"product_brand":[],"product_cat":[13828],"product_tag":[],"class_list":{"0":"post-276423","1":"product","2":"type-product","3":"status-publish","4":"has-post-thumbnail","6":"product_cat-mischpult-cases-fr","8":"first","9":"instock","10":"taxable","11":"shipping-taxable","12":"purchasable","13":"product-type-simple"},"acf":[],"_links":{"self":[{"href":"https:\/\/megacase.com\/fr\/wp-json\/wp\/v2\/product\/276423","targetHints":{"allow":["GET"]}}],"collection":[{"href":"https:\/\/megacase.com\/fr\/wp-json\/wp\/v2\/product"}],"about":[{"href":"https:\/\/megacase.com\/fr\/wp-json\/wp\/v2\/types\/product"}],"wp:featuredmedia":[{"embeddable":true,"href":"https:\/\/megacase.com\/fr\/wp-json\/wp\/v2\/media\/277457"}],"wp:attachment":[{"href":"https:\/\/megacase.com\/fr\/wp-json\/wp\/v2\/media?parent=276423"}],"wp:term":[{"taxonomy":"product_brand","embeddable":true,"href":"https:\/\/megacase.com\/fr\/wp-json\/wp\/v2\/product_brand?post=276423"},{"taxonomy":"product_cat","embeddable":true,"href":"https:\/\/megacase.com\/fr\/wp-json\/wp\/v2\/product_cat?post=276423"},{"taxonomy":"product_tag","embeddable":true,"href":"https:\/\/megacase.com\/fr\/wp-json\/wp\/v2\/product_tag?post=276423"}],"curies":[{"name":"wp","href":"https:\/\/api.w.org\/{rel}","templated":true}]}}