{"id":276330,"date":"2025-07-01T11:54:45","date_gmt":"2025-07-01T09:54:45","guid":{"rendered":"https:\/\/megacase.com\/?post_type=product&#038;p=276330"},"modified":"2026-03-26T13:42:07","modified_gmt":"2026-03-26T12:42:07","slug":"console-dj-rane-performer","status":"publish","type":"product","link":"https:\/\/megacase.com\/fr\/produit\/console-dj-rane-performer\/","title":{"rendered":"Console DJ Rane Performer"},"content":{"rendered":"<p>\u00c9tui robuste et compact pour la console DJ Rane Performer. L&rsquo;appareil peut \u00eatre utilis\u00e9 directement dans la base de l&rsquo;\u00e9tui, pour une installation rapide et une utilisation pratique en live ou en studio. Un espace g\u00e9n\u00e9reux \u00e0 l&rsquo;arri\u00e8re assure une gestion propre des c\u00e2bles.<\/p>\n<p>Caract\u00e9ristiques :<br \/>\nContreplaqu\u00e9 noir 6,8 mm (RAL 9004)<br \/>\nProfil\u00e9s aluminium 22 \u00d7 22 mm<br \/>\n4 petites \u00e9querres en L<br \/>\n4 \u00e9querres en L moyennes<br \/>\n4 fermetures papillon (mini)<br \/>\n1 poign\u00e9e en cuir<br \/>\n8 coins \u00e0 billes en acier<br \/>\n4 pieds en caoutchouc (38 \u00d7 20 mm)<br \/>\nRembourrage en mousse sur mesure pour un maintien optimal de l&rsquo;appareil<\/p>\n<p>**Remarque : Les appareils pr\u00e9sent\u00e9s sont \u00e0 titre indicatif uniquement et ne sont PAS inclus.<\/p>\n<p>Fabriqu\u00e9 en Allemagne<br \/>\nDimensions ext\u00e9rieures (L \u00d7 P \u00d7 H) : 856 \u00d7 595 \u00d7 189 mm<br \/>\nPoids : 9,8 kg<\/p>\n","protected":false},"excerpt":{"rendered":"<p>\u00c9tui robuste et compact pour la console DJ Rane Performer. L&rsquo;appareil peut \u00eatre utilis\u00e9 directement dans la base de l&rsquo;\u00e9tui,<\/p>\n","protected":false},"featured_media":277513,"template":"","meta":{"_acf_changed":false},"product_brand":[],"product_cat":[13730],"product_tag":[],"class_list":{"0":"post-276330","1":"product","2":"type-product","3":"status-publish","4":"has-post-thumbnail","6":"product_cat-dj-cases-fr","8":"first","9":"instock","10":"taxable","11":"shipping-taxable","12":"purchasable","13":"product-type-simple"},"acf":[],"_links":{"self":[{"href":"https:\/\/megacase.com\/fr\/wp-json\/wp\/v2\/product\/276330","targetHints":{"allow":["GET"]}}],"collection":[{"href":"https:\/\/megacase.com\/fr\/wp-json\/wp\/v2\/product"}],"about":[{"href":"https:\/\/megacase.com\/fr\/wp-json\/wp\/v2\/types\/product"}],"wp:featuredmedia":[{"embeddable":true,"href":"https:\/\/megacase.com\/fr\/wp-json\/wp\/v2\/media\/277513"}],"wp:attachment":[{"href":"https:\/\/megacase.com\/fr\/wp-json\/wp\/v2\/media?parent=276330"}],"wp:term":[{"taxonomy":"product_brand","embeddable":true,"href":"https:\/\/megacase.com\/fr\/wp-json\/wp\/v2\/product_brand?post=276330"},{"taxonomy":"product_cat","embeddable":true,"href":"https:\/\/megacase.com\/fr\/wp-json\/wp\/v2\/product_cat?post=276330"},{"taxonomy":"product_tag","embeddable":true,"href":"https:\/\/megacase.com\/fr\/wp-json\/wp\/v2\/product_tag?post=276330"}],"curies":[{"name":"wp","href":"https:\/\/api.w.org\/{rel}","templated":true}]}}