{"id":276244,"date":"2025-07-01T11:36:28","date_gmt":"2025-07-01T09:36:28","guid":{"rendered":"https:\/\/megacase.com\/?post_type=product&#038;p=276244"},"modified":"2026-03-26T13:42:07","modified_gmt":"2026-03-26T12:42:07","slug":"etui-pour-pedale-deffets-guitare-hotone-ampero-ii","status":"publish","type":"product","link":"https:\/\/megacase.com\/fr\/produit\/etui-pour-pedale-deffets-guitare-hotone-ampero-ii\/","title":{"rendered":"\u00c9tui pour p\u00e9dale d&rsquo;effets guitare HoTone Ampero II"},"content":{"rendered":"<p>\u00c9tui rigide compact et robuste pour la p\u00e9dale d&rsquo;effets guitare Hotone Ampero II. L&rsquo;appareil peut \u00eatre utilis\u00e9 dans la partie inf\u00e9rieure de l&rsquo;\u00e9tui, permettant une installation rapide et une utilisation pratique sur sc\u00e8ne, en r\u00e9p\u00e9tition ou en studio.<\/p>\n<p>Un passe-c\u00e2bles de 10 cm de large \u00e0 l&rsquo;arri\u00e8re assure une gestion propre et prot\u00e9g\u00e9e des c\u00e2bles.<\/p>\n<p>Caract\u00e9ristiques :<br \/>\nContreplaqu\u00e9 de 6,8 mm recouvert de r\u00e9sine ph\u00e9nolique brune<br \/>\nProfil\u00e9s en aluminium robustes de 22 x 22 mm<br \/>\n2 mini-fermoirs papillon<br \/>\n1 poign\u00e9e de transport<br \/>\n8 coins \u00e0 billes en acier<br \/>\n4 pieds en caoutchouc<br \/>\nRembourrage en mousse sur mesure pour une protection optimale<\/p>\n<p>** Les appareils pr\u00e9sent\u00e9s sont \u00e0 titre indicatif uniquement et ne sont pas inclus.<\/p>\n<p>Fabriqu\u00e9 en Allemagne<br \/>\nDimensions ext\u00e9rieures (L x P x H) : 427 x 314 x 139 mm<br \/>\nPoids : 3,5 kg<\/p>\n","protected":false},"excerpt":{"rendered":"<p>\u00c9tui rigide compact et robuste pour la p\u00e9dale d&rsquo;effets guitare Hotone Ampero II. L&rsquo;appareil peut \u00eatre utilis\u00e9 dans la partie<\/p>\n","protected":false},"featured_media":277598,"template":"","meta":{"_acf_changed":false},"product_brand":[],"product_cat":[16365],"product_tag":[],"class_list":{"0":"post-276244","1":"product","2":"type-product","3":"status-publish","4":"has-post-thumbnail","6":"product_cat-pedalcase-fr","8":"first","9":"instock","10":"taxable","11":"shipping-taxable","12":"purchasable","13":"product-type-simple"},"acf":[],"_links":{"self":[{"href":"https:\/\/megacase.com\/fr\/wp-json\/wp\/v2\/product\/276244","targetHints":{"allow":["GET"]}}],"collection":[{"href":"https:\/\/megacase.com\/fr\/wp-json\/wp\/v2\/product"}],"about":[{"href":"https:\/\/megacase.com\/fr\/wp-json\/wp\/v2\/types\/product"}],"wp:featuredmedia":[{"embeddable":true,"href":"https:\/\/megacase.com\/fr\/wp-json\/wp\/v2\/media\/277598"}],"wp:attachment":[{"href":"https:\/\/megacase.com\/fr\/wp-json\/wp\/v2\/media?parent=276244"}],"wp:term":[{"taxonomy":"product_brand","embeddable":true,"href":"https:\/\/megacase.com\/fr\/wp-json\/wp\/v2\/product_brand?post=276244"},{"taxonomy":"product_cat","embeddable":true,"href":"https:\/\/megacase.com\/fr\/wp-json\/wp\/v2\/product_cat?post=276244"},{"taxonomy":"product_tag","embeddable":true,"href":"https:\/\/megacase.com\/fr\/wp-json\/wp\/v2\/product_tag?post=276244"}],"curies":[{"name":"wp","href":"https:\/\/api.w.org\/{rel}","templated":true}]}}