{"id":276143,"date":"2025-07-01T10:53:54","date_gmt":"2025-07-01T08:53:54","guid":{"rendered":"https:\/\/megacase.com\/?post_type=product&#038;p=276143"},"modified":"2026-03-26T13:42:07","modified_gmt":"2026-03-26T12:42:07","slug":"coffre-de-protection-pour-2-moniteurs-db-audiotechnik-m4","status":"publish","type":"product","link":"https:\/\/megacase.com\/fr\/produit\/coffre-de-protection-pour-2-moniteurs-db-audiotechnik-m4\/","title":{"rendered":"Coffre de protection pour 2 moniteurs d&amp;b audiotechnik M4"},"content":{"rendered":"<p>\u00c9tui rigide robuste pour le transport s\u00e9curis\u00e9 de deux moniteurs d&amp;b audiotechnik M4. \u00c9quip\u00e9 d&rsquo;une cloison et d&rsquo;un rembourrage en mousse sur mesure, cet \u00e9tui prot\u00e8ge efficacement les enceintes des chocs et des dommages. Ses roulettes pivotantes permettent un transport flexible et pratique.<\/p>\n<p>Caract\u00e9ristiques :<br \/>\nContreplaqu\u00e9 laqu\u00e9 de 6,8 mm<br \/>\n&#8211; Couleur au choix parmi notre nuancier !<br \/>\nProfil\u00e9s en aluminium robustes de 30 x 30 mm<br \/>\n4 fermetures papillon (Moyen)<br \/>\n4 poign\u00e9es rabattables (Moyen)<br \/>\n8 coins renforc\u00e9s en acier (Moyen)<br \/>\n4 roulettes pivotantes de \u00d8 100 mm, dont 2 avec frein<br \/>\nCloison pour un rangement s\u00e9curis\u00e9 des moniteurs<br \/>\nMousse de protection sur mesure<\/p>\n<p>Fabriqu\u00e9 en Allemagne<br \/>\nDimensions ext\u00e9rieures (L x P x H) : 830 x 595 x 810 mm<br \/>\nPoids : 32 kg<\/p>\n","protected":false},"excerpt":{"rendered":"<p>\u00c9tui rigide robuste pour le transport s\u00e9curis\u00e9 de deux moniteurs d&amp;b audiotechnik M4. \u00c9quip\u00e9 d&rsquo;une cloison et d&rsquo;un rembourrage en<\/p>\n","protected":false},"featured_media":276104,"template":"","meta":{"_acf_changed":false},"product_brand":[],"product_cat":[16320],"product_tag":[],"class_list":{"0":"post-276143","1":"product","2":"type-product","3":"status-publish","4":"has-post-thumbnail","6":"product_cat-audio-cases-fr","8":"first","9":"instock","10":"taxable","11":"shipping-taxable","12":"purchasable","13":"product-type-simple"},"acf":[],"_links":{"self":[{"href":"https:\/\/megacase.com\/fr\/wp-json\/wp\/v2\/product\/276143","targetHints":{"allow":["GET"]}}],"collection":[{"href":"https:\/\/megacase.com\/fr\/wp-json\/wp\/v2\/product"}],"about":[{"href":"https:\/\/megacase.com\/fr\/wp-json\/wp\/v2\/types\/product"}],"wp:featuredmedia":[{"embeddable":true,"href":"https:\/\/megacase.com\/fr\/wp-json\/wp\/v2\/media\/276104"}],"wp:attachment":[{"href":"https:\/\/megacase.com\/fr\/wp-json\/wp\/v2\/media?parent=276143"}],"wp:term":[{"taxonomy":"product_brand","embeddable":true,"href":"https:\/\/megacase.com\/fr\/wp-json\/wp\/v2\/product_brand?post=276143"},{"taxonomy":"product_cat","embeddable":true,"href":"https:\/\/megacase.com\/fr\/wp-json\/wp\/v2\/product_cat?post=276143"},{"taxonomy":"product_tag","embeddable":true,"href":"https:\/\/megacase.com\/fr\/wp-json\/wp\/v2\/product_tag?post=276143"}],"curies":[{"name":"wp","href":"https:\/\/api.w.org\/{rel}","templated":true}]}}