{"id":276091,"date":"2025-07-01T10:19:59","date_gmt":"2025-07-01T08:19:59","guid":{"rendered":"https:\/\/megacase.com\/?post_type=product&#038;p=276091"},"modified":"2026-03-26T13:42:08","modified_gmt":"2026-03-26T12:42:08","slug":"coffre-robuste-divise-pour-piano-a-queue-kawai-sk-7","status":"publish","type":"product","link":"https:\/\/megacase.com\/fr\/produit\/coffre-robuste-divise-pour-piano-a-queue-kawai-sk-7\/","title":{"rendered":"Coffre robuste divis\u00e9 pour piano \u00e0 queue Kawai SK-7"},"content":{"rendered":"<p>\u00c9tui rigide robuste et professionnel, sp\u00e9cialement con\u00e7u pour le piano \u00e0 queue Kawai SK-7. Sa conception en deux parties facilite le transport d&rsquo;instruments particuli\u00e8rement volumineux et assure une protection optimale lors du transport et du stockage. Sa construction solide et ses mat\u00e9riaux de haute qualit\u00e9 garantissent une s\u00e9curit\u00e9 maximale pour le piano.<\/p>\n<p>Caract\u00e9ristiques :<br \/>\nContreplaqu\u00e9 noir 9 mm (RAL 9004)<br \/>\nProfil\u00e9s en aluminium robustes de 35 x 35 mm<br \/>\n16 \u00e9querres de renfort en L<br \/>\n20 fermetures papillon<br \/>\n14 poign\u00e9es rabattables<br \/>\n4 poign\u00e9es lat\u00e9rales<br \/>\n8 \u00e9querres de renfort sph\u00e9riques<br \/>\n3 bandes antid\u00e9rapantes pour une meilleure stabilit\u00e9<br \/>\n6 roulettes pivotantes, dont 3 avec frein<\/p>\n<p>Mousse de protection sur mesure pour une protection optimale de l&rsquo;instrument<\/p>\n<p>Fabriqu\u00e9 en Allemagne<br \/>\nDimensions ext\u00e9rieures approximatives (L x P x H) : 2440 x 584 x 1855 mm<br \/>\nPoids approximatif : 160 kg<\/p>\n","protected":false},"excerpt":{"rendered":"<p>\u00c9tui rigide robuste et professionnel, sp\u00e9cialement con\u00e7u pour le piano \u00e0 queue Kawai SK-7. Sa conception en deux parties facilite<\/p>\n","protected":false},"featured_media":276012,"template":"","meta":{"_acf_changed":false},"product_brand":[],"product_cat":[15043],"product_tag":[],"class_list":{"0":"post-276091","1":"product","2":"type-product","3":"status-publish","4":"has-post-thumbnail","6":"product_cat-uncategorized-de","8":"first","9":"instock","10":"taxable","11":"shipping-taxable","12":"purchasable","13":"product-type-simple"},"acf":[],"_links":{"self":[{"href":"https:\/\/megacase.com\/fr\/wp-json\/wp\/v2\/product\/276091","targetHints":{"allow":["GET"]}}],"collection":[{"href":"https:\/\/megacase.com\/fr\/wp-json\/wp\/v2\/product"}],"about":[{"href":"https:\/\/megacase.com\/fr\/wp-json\/wp\/v2\/types\/product"}],"wp:featuredmedia":[{"embeddable":true,"href":"https:\/\/megacase.com\/fr\/wp-json\/wp\/v2\/media\/276012"}],"wp:attachment":[{"href":"https:\/\/megacase.com\/fr\/wp-json\/wp\/v2\/media?parent=276091"}],"wp:term":[{"taxonomy":"product_brand","embeddable":true,"href":"https:\/\/megacase.com\/fr\/wp-json\/wp\/v2\/product_brand?post=276091"},{"taxonomy":"product_cat","embeddable":true,"href":"https:\/\/megacase.com\/fr\/wp-json\/wp\/v2\/product_cat?post=276091"},{"taxonomy":"product_tag","embeddable":true,"href":"https:\/\/megacase.com\/fr\/wp-json\/wp\/v2\/product_tag?post=276091"}],"curies":[{"name":"wp","href":"https:\/\/api.w.org\/{rel}","templated":true}]}}