{"id":275895,"date":"2015-08-27T00:00:00","date_gmt":"2015-08-26T22:00:00","guid":{"rendered":"https:\/\/megacase.com\/product\/coffre-pour-televiseur-55-pouces-et-accessoires-dans-un-seul-compartiment\/"},"modified":"2026-03-26T12:21:39","modified_gmt":"2026-03-26T11:21:39","slug":"coffre-pour-televiseur-55-pouces-et-accessoires-dans-un-seul-compartiment","status":"publish","type":"product","link":"https:\/\/megacase.com\/fr\/produit\/coffre-pour-televiseur-55-pouces-et-accessoires-dans-un-seul-compartiment\/","title":{"rendered":"Coffre pour t\u00e9l\u00e9viseur 55 pouces et accessoires dans un seul compartiment"},"content":{"rendered":"<p>Coffre pour t\u00e9l\u00e9viseur 55 pouces et accessoires dans un seul compartiment<\/p>\n<p>Contreplaqu\u00e9 6,8 mm, rev\u00eatement en r\u00e9sine ph\u00e9nolique, marron<br \/>\nBordure en aluminium 30 x 30 mm<br \/>\n4 fermetures papillon moyennes<br \/>\n4 poign\u00e9es rabattables moyennes<br \/>\n8 coins \u00e0 boule<br \/>\n4 roulettes pivotantes, dont 2 avec frein<br \/>\nAm\u00e9nagement int\u00e9rieur<br \/>\nRembourrage en mousse + mousse libre<\/p>\n<p>Fabriqu\u00e9 en Allemagne<br \/>\nDimensions ext\u00e9rieures : L x P x H 1320 x 440 x 950 mm<br \/>\nPoids : 39,60 kg<\/p>\n","protected":false},"excerpt":{"rendered":"<p>Coffre pour t\u00e9l\u00e9viseur 55 pouces et accessoires dans un seul compartiment Contreplaqu\u00e9 6,8 mm, rev\u00eatement en r\u00e9sine ph\u00e9nolique, marron Bordure<\/p>\n","protected":false},"featured_media":95369,"template":"","meta":{"_acf_changed":false},"product_brand":[],"product_cat":[13692],"product_tag":[],"class_list":{"0":"post-275895","1":"product","2":"type-product","3":"status-publish","4":"has-post-thumbnail","6":"product_cat-plasma-cases-fr","8":"first","9":"instock","10":"taxable","11":"shipping-taxable","12":"purchasable","13":"product-type-simple"},"acf":[],"_links":{"self":[{"href":"https:\/\/megacase.com\/fr\/wp-json\/wp\/v2\/product\/275895","targetHints":{"allow":["GET"]}}],"collection":[{"href":"https:\/\/megacase.com\/fr\/wp-json\/wp\/v2\/product"}],"about":[{"href":"https:\/\/megacase.com\/fr\/wp-json\/wp\/v2\/types\/product"}],"wp:featuredmedia":[{"embeddable":true,"href":"https:\/\/megacase.com\/fr\/wp-json\/wp\/v2\/media\/95369"}],"wp:attachment":[{"href":"https:\/\/megacase.com\/fr\/wp-json\/wp\/v2\/media?parent=275895"}],"wp:term":[{"taxonomy":"product_brand","embeddable":true,"href":"https:\/\/megacase.com\/fr\/wp-json\/wp\/v2\/product_brand?post=275895"},{"taxonomy":"product_cat","embeddable":true,"href":"https:\/\/megacase.com\/fr\/wp-json\/wp\/v2\/product_cat?post=275895"},{"taxonomy":"product_tag","embeddable":true,"href":"https:\/\/megacase.com\/fr\/wp-json\/wp\/v2\/product_tag?post=275895"}],"curies":[{"name":"wp","href":"https:\/\/api.w.org\/{rel}","templated":true}]}}