{"id":275777,"date":"2026-03-26T10:39:14","date_gmt":"2026-03-26T09:39:14","guid":{"rendered":"https:\/\/megacase.com\/?post_type=product&#038;p=275777"},"modified":"2026-03-27T11:39:39","modified_gmt":"2026-03-27T10:39:39","slug":"etui-pour-teleprompteur-compatible-avec-le-moniteur-aoc-e2470sw","status":"publish","type":"product","link":"https:\/\/megacase.com\/fr\/produit\/etui-pour-teleprompteur-compatible-avec-le-moniteur-aoc-e2470sw\/","title":{"rendered":"\u00c9tui pour t\u00e9l\u00e9prompteur compatible avec le moniteur AOC E2470Sw"},"content":{"rendered":"<p>\u00c9tui pour t\u00e9l\u00e9prompteur compatible avec le moniteur AOC E2470Sw \u00e0 45 degr\u00e9s.<\/p>\n<p>Rev\u00eatement PVC multiplex 6,8 mm<br \/>\nCouleur : noir RAL 9004<br \/>\nBordure en aluminium 30 x 30 mm<br \/>\n2 mini-couvercles papillon<br \/>\n1 poign\u00e9e pliante moyenne<br \/>\n8 coins \u00e0 rotule en acier<br \/>\n1 plateau de montage pour 2 connecteurs XLR<br \/>\n4 pieds en caoutchouc 38 x 20 mm<br \/>\nMousse<\/p>\n<p>Dimensions ext\u00e9rieures L x P x H : environ 630 x 370 x 375 mm<br \/>\nPoids : environ 8,7 kg<\/p>\n","protected":false},"excerpt":{"rendered":"<p>\u00c9tui pour t\u00e9l\u00e9prompteur compatible avec le moniteur AOC E2470Sw \u00e0 45 degr\u00e9s. Rev\u00eatement PVC multiplex 6,8 mm Couleur : noir<\/p>\n","protected":false},"featured_media":275734,"template":"","meta":{"_acf_changed":false},"product_brand":[],"product_cat":[13690],"product_tag":[],"class_list":{"0":"post-275777","1":"product","2":"type-product","3":"status-publish","4":"has-post-thumbnail","6":"product_cat-display-monitor-fr","8":"first","9":"instock","10":"taxable","11":"shipping-taxable","12":"purchasable","13":"product-type-simple"},"acf":[],"_links":{"self":[{"href":"https:\/\/megacase.com\/fr\/wp-json\/wp\/v2\/product\/275777","targetHints":{"allow":["GET"]}}],"collection":[{"href":"https:\/\/megacase.com\/fr\/wp-json\/wp\/v2\/product"}],"about":[{"href":"https:\/\/megacase.com\/fr\/wp-json\/wp\/v2\/types\/product"}],"wp:featuredmedia":[{"embeddable":true,"href":"https:\/\/megacase.com\/fr\/wp-json\/wp\/v2\/media\/275734"}],"wp:attachment":[{"href":"https:\/\/megacase.com\/fr\/wp-json\/wp\/v2\/media?parent=275777"}],"wp:term":[{"taxonomy":"product_brand","embeddable":true,"href":"https:\/\/megacase.com\/fr\/wp-json\/wp\/v2\/product_brand?post=275777"},{"taxonomy":"product_cat","embeddable":true,"href":"https:\/\/megacase.com\/fr\/wp-json\/wp\/v2\/product_cat?post=275777"},{"taxonomy":"product_tag","embeddable":true,"href":"https:\/\/megacase.com\/fr\/wp-json\/wp\/v2\/product_tag?post=275777"}],"curies":[{"name":"wp","href":"https:\/\/api.w.org\/{rel}","templated":true}]}}