{"id":275716,"date":"2025-06-30T12:29:25","date_gmt":"2025-06-30T10:29:25","guid":{"rendered":"https:\/\/megacase.com\/?post_type=product&#038;p=275716"},"modified":"2026-03-26T13:42:09","modified_gmt":"2026-03-26T12:42:09","slug":"coffre-pour-deux-lyres-phantom-3r-hybrid-couleurs","status":"publish","type":"product","link":"https:\/\/megacase.com\/fr\/produit\/coffre-pour-deux-lyres-phantom-3r-hybrid-couleurs\/","title":{"rendered":"Coffre pour deux lyres Phantom 3R Hybrid Couleurs"},"content":{"rendered":"<p>flight case robuste pour le transport s\u00e9curis\u00e9 de deux projecteurs asservis hybrides Showtec Phantom 3R.<\/p>\n<p>La doublure int\u00e9rieure optimis\u00e9e maintient les projecteurs en toute s\u00e9curit\u00e9, tandis qu&rsquo;un compartiment central offre un espace suppl\u00e9mentaire pour les c\u00e2bles et les pinces.<\/p>\n<p>Id\u00e9al pour les tourn\u00e9es, les \u00e9v\u00e9nements ou la location.<\/p>\n<p>Caract\u00e9ristiques :<br \/>\nContreplaqu\u00e9 multicouche de 6,8 mm, laqu\u00e9<br \/>\n&#8211; Couleur au choix parmi notre nuancier !<br \/>\nProfil\u00e9s en aluminium robustes de 30 x 30 mm<br \/>\n2 fermetures papillon \u00e0 ressort (taille moyenne)<br \/>\n2 grandes charni\u00e8res de verrouillage<br \/>\n2 poign\u00e9es rabattables (taille moyenne)<br \/>\n8 coins \u00e0 billes en acier (taille moyenne)<br \/>\n4 roulettes pivotantes, dont 2 avec frein<br \/>\nCompartiment central pour les c\u00e2bles et les pinces<br \/>\nRembourrage en mousse sur mesure pour un maintien optimal des projecteurs asservis<\/p>\n<p>**Remarque : Les projecteurs pr\u00e9sent\u00e9s sont \u00e0 titre indicatif uniquement et ne sont PAS inclus dans l&rsquo;offre.<\/p>\n<p>Dimensions ext\u00e9rieures (L x P x H) : 755 x 430 x 740 mm<br \/>\nPoids : env. 26,3 kg<br \/>\nFabriqu\u00e9 en Allemagne<\/p>\n","protected":false},"excerpt":{"rendered":"<p>flight case robuste pour le transport s\u00e9curis\u00e9 de deux projecteurs asservis hybrides Showtec Phantom 3R. La doublure int\u00e9rieure optimis\u00e9e maintient<\/p>\n","protected":false},"featured_media":275692,"template":"","meta":{"_acf_changed":false},"product_brand":[],"product_cat":[16329],"product_tag":[],"class_list":{"0":"post-275716","1":"product","2":"type-product","3":"status-publish","4":"has-post-thumbnail","6":"product_cat-cases-fuer-lichtequipment-fr","8":"first","9":"instock","10":"taxable","11":"shipping-taxable","12":"purchasable","13":"product-type-simple"},"acf":[],"_links":{"self":[{"href":"https:\/\/megacase.com\/fr\/wp-json\/wp\/v2\/product\/275716","targetHints":{"allow":["GET"]}}],"collection":[{"href":"https:\/\/megacase.com\/fr\/wp-json\/wp\/v2\/product"}],"about":[{"href":"https:\/\/megacase.com\/fr\/wp-json\/wp\/v2\/types\/product"}],"wp:featuredmedia":[{"embeddable":true,"href":"https:\/\/megacase.com\/fr\/wp-json\/wp\/v2\/media\/275692"}],"wp:attachment":[{"href":"https:\/\/megacase.com\/fr\/wp-json\/wp\/v2\/media?parent=275716"}],"wp:term":[{"taxonomy":"product_brand","embeddable":true,"href":"https:\/\/megacase.com\/fr\/wp-json\/wp\/v2\/product_brand?post=275716"},{"taxonomy":"product_cat","embeddable":true,"href":"https:\/\/megacase.com\/fr\/wp-json\/wp\/v2\/product_cat?post=275716"},{"taxonomy":"product_tag","embeddable":true,"href":"https:\/\/megacase.com\/fr\/wp-json\/wp\/v2\/product_tag?post=275716"}],"curies":[{"name":"wp","href":"https:\/\/api.w.org\/{rel}","templated":true}]}}