{"id":275643,"date":"2026-03-26T09:08:10","date_gmt":"2026-03-26T08:08:10","guid":{"rendered":"https:\/\/megacase.com\/?post_type=product&#038;p=275643"},"modified":"2026-03-27T11:39:41","modified_gmt":"2026-03-27T10:39:41","slug":"coffre-pour-4-phantom-3r-hybrid","status":"publish","type":"product","link":"https:\/\/megacase.com\/fr\/produit\/coffre-pour-4-phantom-3r-hybrid\/","title":{"rendered":"Coffre pour 4 Phantom 3R Hybrid"},"content":{"rendered":"<p>Coffre pour 4 Phantom 3R Hybrid. Le rev\u00eatement int\u00e9rieur optimis\u00e9 permet de ranger facilement les lyres. Un compartiment central pour c\u00e2bles et pinces est situ\u00e9.<br \/>\nFabriqu\u00e9 en contreplaqu\u00e9 de 6,8 mm, recouvert de r\u00e9sine ph\u00e9nolique marron.<br \/>\nCh\u00e2ssis en aluminium de 30 x 30 mm.<br \/>\n2 loquets papillon \u00e0 ressort de taille moyenne.<br \/>\n2 grandes charni\u00e8res verrouillables.<br \/>\n4 poign\u00e9es pliantes de taille moyenne.<br \/>\n8 coins \u00e0 billes en acier de taille moyenne.<br \/>\n4 roulettes pivotantes de 100 mm, dont 2 avec frein.<br \/>\nInt\u00e9rieur :<br \/>\nMousse.<br \/>\nDimensions ext\u00e9rieures L x P x H : 1010 x 565 x 740 mm.<br \/>\nPoids : environ 34,2 kg.<br \/>\nFabriqu\u00e9 en Allemagne.<\/p>\n","protected":false},"excerpt":{"rendered":"<p>Coffre pour 4 Phantom 3R Hybrid. Le rev\u00eatement int\u00e9rieur optimis\u00e9 permet de ranger facilement les lyres. Un compartiment central pour<\/p>\n","protected":false},"featured_media":275600,"template":"","meta":{"_acf_changed":false},"product_brand":[],"product_cat":[16336],"product_tag":[],"class_list":{"0":"post-275643","1":"product","2":"type-product","3":"status-publish","4":"has-post-thumbnail","6":"product_cat-uncategorized-fr","8":"first","9":"instock","10":"taxable","11":"shipping-taxable","12":"purchasable","13":"product-type-simple"},"acf":[],"_links":{"self":[{"href":"https:\/\/megacase.com\/fr\/wp-json\/wp\/v2\/product\/275643","targetHints":{"allow":["GET"]}}],"collection":[{"href":"https:\/\/megacase.com\/fr\/wp-json\/wp\/v2\/product"}],"about":[{"href":"https:\/\/megacase.com\/fr\/wp-json\/wp\/v2\/types\/product"}],"wp:featuredmedia":[{"embeddable":true,"href":"https:\/\/megacase.com\/fr\/wp-json\/wp\/v2\/media\/275600"}],"wp:attachment":[{"href":"https:\/\/megacase.com\/fr\/wp-json\/wp\/v2\/media?parent=275643"}],"wp:term":[{"taxonomy":"product_brand","embeddable":true,"href":"https:\/\/megacase.com\/fr\/wp-json\/wp\/v2\/product_brand?post=275643"},{"taxonomy":"product_cat","embeddable":true,"href":"https:\/\/megacase.com\/fr\/wp-json\/wp\/v2\/product_cat?post=275643"},{"taxonomy":"product_tag","embeddable":true,"href":"https:\/\/megacase.com\/fr\/wp-json\/wp\/v2\/product_tag?post=275643"}],"curies":[{"name":"wp","href":"https:\/\/api.w.org\/{rel}","templated":true}]}}