{"id":275578,"date":"2026-03-26T09:08:10","date_gmt":"2026-03-26T08:08:10","guid":{"rendered":"https:\/\/megacase.com\/?post_type=product&#038;p=275578"},"modified":"2026-03-27T11:39:41","modified_gmt":"2026-03-27T10:39:41","slug":"coffre-a-roulettes-pour-8-ecrans-acoustiques-km-11900","status":"publish","type":"product","link":"https:\/\/megacase.com\/fr\/produit\/coffre-a-roulettes-pour-8-ecrans-acoustiques-km-11900\/","title":{"rendered":"Coffre \u00e0 roulettes pour 8 \u00e9crans acoustiques K&amp;M 11900"},"content":{"rendered":"<p>Coffre \u00e0 roulettes pour 8 \u00e9crans acoustiques K&amp;M 11900.<br \/>\nLes \u00e9crans sont plac\u00e9s dans des grilles en mousse.<br \/>\nLes pieds sont plac\u00e9s dans un compartiment rembourr\u00e9, l&rsquo;espace restant servant de compartiment \u00e0 accessoires.<\/p>\n<p>Coffre<br \/>\nContreplaqu\u00e9 ph\u00e9nolique marron de 6,8 mm<br \/>\nBordure en aluminium 30 x 30 mm<br \/>\n4 coins en L moyens<br \/>\n4 poign\u00e9es pliantes moyennes<br \/>\n2 charni\u00e8res papillon moyennes<br \/>\n2 grandes charni\u00e8res verrouillables<br \/>\n4 logements pour roulettes encastr\u00e9s dans le couvercle<br \/>\n4 coins sph\u00e9riques moyens<br \/>\n4 coins sph\u00e9riques moyens<br \/>\n4 coins en L moyens<br \/>\n4 roulettes pivotantes de 100 mm, dont 2 avec frein<br \/>\nInt\u00e9rieur :<br \/>\nRembourrage en mousse<\/p>\n<p>Fabriqu\u00e9 en Allemagne<\/p>\n<p>Dimensions ext\u00e9rieures : environ L x P x H : 804 x 744 x 543 mm<br \/>\nPoids : environ 26 kg<\/p>\n","protected":false},"excerpt":{"rendered":"<p>Coffre \u00e0 roulettes pour 8 \u00e9crans acoustiques K&amp;M 11900. Les \u00e9crans sont plac\u00e9s dans des grilles en mousse. Les pieds<\/p>\n","protected":false},"featured_media":275535,"template":"","meta":{"_acf_changed":false},"product_brand":[],"product_cat":[15043],"product_tag":[],"class_list":{"0":"post-275578","1":"product","2":"type-product","3":"status-publish","4":"has-post-thumbnail","6":"product_cat-uncategorized-de","8":"first","9":"instock","10":"taxable","11":"shipping-taxable","12":"purchasable","13":"product-type-simple"},"acf":[],"_links":{"self":[{"href":"https:\/\/megacase.com\/fr\/wp-json\/wp\/v2\/product\/275578","targetHints":{"allow":["GET"]}}],"collection":[{"href":"https:\/\/megacase.com\/fr\/wp-json\/wp\/v2\/product"}],"about":[{"href":"https:\/\/megacase.com\/fr\/wp-json\/wp\/v2\/types\/product"}],"wp:featuredmedia":[{"embeddable":true,"href":"https:\/\/megacase.com\/fr\/wp-json\/wp\/v2\/media\/275535"}],"wp:attachment":[{"href":"https:\/\/megacase.com\/fr\/wp-json\/wp\/v2\/media?parent=275578"}],"wp:term":[{"taxonomy":"product_brand","embeddable":true,"href":"https:\/\/megacase.com\/fr\/wp-json\/wp\/v2\/product_brand?post=275578"},{"taxonomy":"product_cat","embeddable":true,"href":"https:\/\/megacase.com\/fr\/wp-json\/wp\/v2\/product_cat?post=275578"},{"taxonomy":"product_tag","embeddable":true,"href":"https:\/\/megacase.com\/fr\/wp-json\/wp\/v2\/product_tag?post=275578"}],"curies":[{"name":"wp","href":"https:\/\/api.w.org\/{rel}","templated":true}]}}